{"id":8513,"date":"2021-03-22T00:00:40","date_gmt":"2021-03-21T23:00:40","guid":{"rendered":"https:\/\/hanns-eisler.de\/the-society\/eisler-studien\/"},"modified":"2022-06-10T09:57:27","modified_gmt":"2022-06-10T07:57:27","slug":"eisler-studien","status":"publish","type":"page","link":"https:\/\/hanns-eisler.de\/en\/the-society\/eisler-studien\/","title":{"rendered":"Eisler-Studien"},"content":{"rendered":"\t\t<div data-elementor-type=\"wp-page\" data-elementor-id=\"8513\" class=\"elementor elementor-8513 elementor-6009\" data-elementor-post-type=\"page\">\n\t\t\t\t\t\t<section class=\"elementor-section elementor-top-section elementor-element elementor-element-51768534 elementor-section-full_width elementor-section-height-default elementor-section-height-default\" data-id=\"51768534\" data-element_type=\"section\" data-e-type=\"section\">\n\t\t\t\t\t\t<div class=\"elementor-container elementor-column-gap-no\">\n\t\t\t\t\t<div class=\"elementor-column elementor-col-100 elementor-top-column elementor-element elementor-element-4b0d02f9\" data-id=\"4b0d02f9\" data-element_type=\"column\" data-e-type=\"column\">\n\t\t\t<div class=\"elementor-widget-wrap elementor-element-populated\">\n\t\t\t\t\t\t<div class=\"elementor-element elementor-element-3e290ea6 elementor-widget elementor-widget-ova_slideshow\" data-id=\"3e290ea6\" data-element_type=\"widget\" data-e-type=\"widget\" data-widget_type=\"ova_slideshow.default\">\n\t\t\t\t<div class=\"elementor-widget-container\">\n\t\t\t\t\t\t\t<div class=\"ova_slideshow elementor-slides-wrapper dots_style \" dir=\"ltr\">\n\t\t\t<div class=\"elementor-slides owl-carousel owl-theme owl-loaded arrows-inside arrows-show-always animated owl-animated-out owl-animated-in\" data-owl_carousel=\"{&quot;items&quot;:1,&quot;singleItem&quot;:1,&quot;autoplayTimeout&quot;:10000,&quot;autoplay&quot;:true,&quot;loop&quot;:true,&quot;nav&quot;:true,&quot;dots&quot;:false,&quot;rtl&quot;:false,&quot;dotsClass&quot;:&quot;owl-dots&quot;,&quot;mouseDrag&quot;:false,&quot;navText&quot;:[&quot;&lt;i class=\\&quot;ti-angle-left\\&quot;&gt;&lt;\\\/i&gt;&quot;,&quot;&lt;i class=\\&quot;ti-angle-right\\&quot;&gt;&lt;\\\/i&gt;&quot;]}\">\n\t\t\t\t<div class=\" elementor-repeater-item-2c3c6b7 items\" data-dot=\" <div>Slide 1<\/div> <button><span><\/span><\/button>\"><div class=\" slide-bg elementor-ken-out\" ><\/div>\n\t\t\t<div class=\"slide-inner\"><div class=\"elementor-background-overlay\"><\/div><div class=\"container\"><div class=\"row\"><div class=\"elementor-slide-content\"><div data-animation=\"fadeInUp\" data-animation_dur=\"1000\" class=\"second_font elementor-slide-subtitle\" style=\"animation-duration: 1000ms\">Eisler-Studien<\/div><div data-animation=\"fadeInUp\" data-animation_dur=\"2000\"  class=\"second_font elementor-slide-title \" style=\"animation-duration: 2000ms\">The Society IHEG<\/div><div class=\"elementor-slide-description\"><\/div><\/div><\/div><\/div><\/div><\/div>\t\t\t<\/div>\n\t\t<\/div>\n\t\t\t\t\t\t<\/div>\n\t\t\t\t<\/div>\n\t\t\t\t\t<\/div>\n\t\t<\/div>\n\t\t\t\t\t<\/div>\n\t\t<\/section>\n\t\t\t\t<section class=\"elementor-section elementor-top-section elementor-element elementor-element-2f9ef934 elementor-section-content-middle elementor-section-boxed elementor-section-height-default elementor-section-height-default\" data-id=\"2f9ef934\" data-element_type=\"section\" data-e-type=\"section\">\n\t\t\t\t\t\t<div class=\"elementor-container elementor-column-gap-default\">\n\t\t\t\t\t<div class=\"elementor-column elementor-col-100 elementor-top-column elementor-element elementor-element-2ea1aaa9\" data-id=\"2ea1aaa9\" data-element_type=\"column\" data-e-type=\"column\">\n\t\t\t<div class=\"elementor-widget-wrap elementor-element-populated\">\n\t\t\t\t\t\t<div class=\"elementor-element elementor-element-44c8f5b4 elementor-widget elementor-widget-text-editor\" data-id=\"44c8f5b4\" data-element_type=\"widget\" data-e-type=\"widget\" data-widget_type=\"text-editor.default\">\n\t\t\t\t<div class=\"elementor-widget-container\">\n\t\t\t\t\t\t\t\t\t<p>The series Eisler-Studien is published by Breitkopf &amp; H\u00e4rtel on behalf of the IHEG. <em>Eisler-Studien. It presents critical approaches<\/em> to Eisler in the form of themed collections of essays, conference reports, and monographs.<\/p>\t\t\t\t\t\t\t\t<\/div>\n\t\t\t\t<\/div>\n\t\t\t\t\t<\/div>\n\t\t<\/div>\n\t\t\t\t\t<\/div>\n\t\t<\/section>\n\t\t\t\t<section class=\"elementor-section elementor-top-section elementor-element elementor-element-71b8c26f elementor-section-content-middle elementor-section-boxed elementor-section-height-default elementor-section-height-default\" data-id=\"71b8c26f\" data-element_type=\"section\" data-e-type=\"section\">\n\t\t\t\t\t\t<div class=\"elementor-container elementor-column-gap-default\">\n\t\t\t\t\t<div class=\"elementor-column elementor-col-33 elementor-top-column elementor-element elementor-element-669856dc\" data-id=\"669856dc\" data-element_type=\"column\" data-e-type=\"column\">\n\t\t\t<div class=\"elementor-widget-wrap elementor-element-populated\">\n\t\t\t\t\t\t<div class=\"elementor-element elementor-element-716c172a elementor-widget elementor-widget-image\" data-id=\"716c172a\" data-element_type=\"widget\" data-e-type=\"widget\" data-widget_type=\"image.default\">\n\t\t\t\t<div class=\"elementor-widget-container\">\n\t\t\t\t\t\t\t\t\t\t\t\t\t\t\t<img decoding=\"async\" src=\"https:\/\/hanns-eisler.de\/wp-content\/uploads\/elementor\/thumbs\/iheg-eisler-studien-1-pj95gsjq6kz982tzcxroqr5rta0u61svmnd1nc0kjk.jpg\" title=\"Hanns Eislers Johann Faustus, Eisler-Studie\" alt=\"Hanns Eislers Johann Faustus\" loading=\"lazy\" \/>\t\t\t\t\t\t\t\t\t\t\t\t\t\t\t<\/div>\n\t\t\t\t<\/div>\n\t\t\t\t<div class=\"elementor-element elementor-element-6353788b elementor-widget elementor-widget-heading\" data-id=\"6353788b\" data-element_type=\"widget\" data-e-type=\"widget\" data-widget_type=\"heading.default\">\n\t\t\t\t<div class=\"elementor-widget-container\">\n\t\t\t\t\t<h3 class=\"elementor-heading-title elementor-size-default\">Volume 1<\/h3>\t\t\t\t<\/div>\n\t\t\t\t<\/div>\n\t\t\t\t<div class=\"elementor-element elementor-element-61353388 elementor-widget elementor-widget-text-editor\" data-id=\"61353388\" data-element_type=\"widget\" data-e-type=\"widget\" data-widget_type=\"text-editor.default\">\n\t\t\t\t<div class=\"elementor-widget-container\">\n\t\t\t\t\t\t\t\t\t<p>Peter Schweinhardt (ed.) <br><strong>Hanns Eislers <em>Johann Faustus<\/em>.<br>50 Jahre nach Erscheinen des Operntextes 1952 <br>(Symposion 2002)<\/strong><\/p><p>With papers by Michael von Engelhardt, Tobias Fa\u00dfhauer, Anne Hartmann, Maren K\u00f6ster, Peter Schweinhardt, Gerd Rien\u00e4cker, and Friederike Wi\u00dfmann. <br>Wiesbaden: Breitkopf &amp; H\u00e4rtel, 2005<\/p><p><br><a href=\"https:\/\/www.breitkopf.com\/work\/8420\/14230\" target=\"_blank\" rel=\"noopener\">More information \/ order<\/a><\/p>\t\t\t\t\t\t\t\t<\/div>\n\t\t\t\t<\/div>\n\t\t\t\t\t<\/div>\n\t\t<\/div>\n\t\t\t\t<div class=\"elementor-column elementor-col-33 elementor-top-column elementor-element elementor-element-1ca6a541\" data-id=\"1ca6a541\" data-element_type=\"column\" data-e-type=\"column\">\n\t\t\t<div class=\"elementor-widget-wrap elementor-element-populated\">\n\t\t\t\t\t\t<div class=\"elementor-element elementor-element-090e854 elementor-widget elementor-widget-image\" data-id=\"090e854\" data-element_type=\"widget\" data-e-type=\"widget\" data-widget_type=\"image.default\">\n\t\t\t\t<div class=\"elementor-widget-container\">\n\t\t\t\t\t\t\t\t\t\t\t\t\t\t\t<img decoding=\"async\" src=\"https:\/\/hanns-eisler.de\/wp-content\/uploads\/elementor\/thumbs\/iheg-eisler-studien-2-pj95gsjq6kz982tzcxroqr5rta0u61svmnd1nc0kjk.jpg\" title=\"Fluchtpunkt Wien, Eisler-Studie\" alt=\"Fluchtpunkt Wien\" loading=\"lazy\" \/>\t\t\t\t\t\t\t\t\t\t\t\t\t\t\t<\/div>\n\t\t\t\t<\/div>\n\t\t\t\t<div class=\"elementor-element elementor-element-2bd28bd elementor-widget elementor-widget-heading\" data-id=\"2bd28bd\" data-element_type=\"widget\" data-e-type=\"widget\" data-widget_type=\"heading.default\">\n\t\t\t\t<div class=\"elementor-widget-container\">\n\t\t\t\t\t<h3 class=\"elementor-heading-title elementor-size-default\">Volume 2<\/h3>\t\t\t\t<\/div>\n\t\t\t\t<\/div>\n\t\t\t\t<div class=\"elementor-element elementor-element-5dc8769 elementor-widget elementor-widget-text-editor\" data-id=\"5dc8769\" data-element_type=\"widget\" data-e-type=\"widget\" data-widget_type=\"text-editor.default\">\n\t\t\t\t<div class=\"elementor-widget-container\">\n\t\t\t\t\t\t\t\t\t<p>Peter Schweinhardt <br><strong>Fluchtpunkt Wien<br>Hanns Eislers Wiener Arbeiten nach der R\u00fcckkehr aus dem Exil<\/strong><\/p><p>Revised doctoral dissertation. <br>Wiesbaden: Breitkopf &amp; H\u00e4rtel, 2006<\/p><p><a href=\"https:\/\/www.breitkopf.com\/work\/8420\/14438\" target=\"_blank\" rel=\"noopener\">More information \/ order<\/a><\/p>\t\t\t\t\t\t\t\t<\/div>\n\t\t\t\t<\/div>\n\t\t\t\t\t<\/div>\n\t\t<\/div>\n\t\t\t\t<div class=\"elementor-column elementor-col-33 elementor-top-column elementor-element elementor-element-9bb4cbc\" data-id=\"9bb4cbc\" data-element_type=\"column\" data-e-type=\"column\">\n\t\t\t<div class=\"elementor-widget-wrap elementor-element-populated\">\n\t\t\t\t\t\t<div class=\"elementor-element elementor-element-4effad8 elementor-widget elementor-widget-image\" data-id=\"4effad8\" data-element_type=\"widget\" data-e-type=\"widget\" data-widget_type=\"image.default\">\n\t\t\t\t<div class=\"elementor-widget-container\">\n\t\t\t\t\t\t\t\t\t\t\t\t\t\t\t<img decoding=\"async\" src=\"https:\/\/hanns-eisler.de\/wp-content\/uploads\/elementor\/thumbs\/iheg-eisler-studien-3-pj95gsjq6kz982tzcxroqr5rta0u61svmnd1nc0kjk.jpg\" title=\"Kompositionen f\u00fcr den Film, Eisler-Studie\" alt=\"Kompositionen f\u00fcr den Film\" loading=\"lazy\" \/>\t\t\t\t\t\t\t\t\t\t\t\t\t\t\t<\/div>\n\t\t\t\t<\/div>\n\t\t\t\t<div class=\"elementor-element elementor-element-eedaf65 elementor-widget elementor-widget-heading\" data-id=\"eedaf65\" data-element_type=\"widget\" data-e-type=\"widget\" data-widget_type=\"heading.default\">\n\t\t\t\t<div class=\"elementor-widget-container\">\n\t\t\t\t\t<h3 class=\"elementor-heading-title elementor-size-default\">Volume 3<\/h3>\t\t\t\t<\/div>\n\t\t\t\t<\/div>\n\t\t\t\t<div class=\"elementor-element elementor-element-97f24a4 elementor-widget elementor-widget-text-editor\" data-id=\"97f24a4\" data-element_type=\"widget\" data-e-type=\"widget\" data-widget_type=\"text-editor.default\">\n\t\t\t\t<div class=\"elementor-widget-container\">\n\t\t\t\t\t\t\t\t\t<p>Peter Schweinhardt (ed.) <br><strong>Kompositionen f\u00fcr den Film. <br>Zu Theorie und Praxis von Hanns Eislers Filmmusik<\/strong><\/p><p>With papers by Thomas Ahrend, Oliver Dahin, Tobias Fa\u00dfhauer, Johannes C. Gall, Guido Heldt, Roberto Kolb, David Neumeyer &amp; James Buhler, Barry Salmon, Peter Schweinhardt, Breixo Viejo, and Amy Lynn Wlodarski. <br>Wiesbaden: Breitkopf &amp; H\u00e4rtel, 2008<\/p><p><br><a href=\"https:\/\/www.breitkopf.com\/work\/8420\/14630\" target=\"_blank\" rel=\"noopener\">More information \/ order<\/a><\/p>\t\t\t\t\t\t\t\t<\/div>\n\t\t\t\t<\/div>\n\t\t\t\t\t<\/div>\n\t\t<\/div>\n\t\t\t\t\t<\/div>\n\t\t<\/section>\n\t\t\t\t<section class=\"elementor-section elementor-top-section elementor-element elementor-element-2ca5edf elementor-section-content-middle elementor-section-boxed elementor-section-height-default elementor-section-height-default\" data-id=\"2ca5edf\" data-element_type=\"section\" data-e-type=\"section\">\n\t\t\t\t\t\t<div class=\"elementor-container elementor-column-gap-default\">\n\t\t\t\t\t<div class=\"elementor-column elementor-col-33 elementor-top-column elementor-element elementor-element-40ddc73\" data-id=\"40ddc73\" data-element_type=\"column\" data-e-type=\"column\">\n\t\t\t<div class=\"elementor-widget-wrap elementor-element-populated\">\n\t\t\t\t\t\t<div class=\"elementor-element elementor-element-7bb0628 elementor-widget elementor-widget-image\" data-id=\"7bb0628\" data-element_type=\"widget\" data-e-type=\"widget\" data-widget_type=\"image.default\">\n\t\t\t\t<div class=\"elementor-widget-container\">\n\t\t\t\t\t\t\t\t\t\t\t\t\t\t\t<img decoding=\"async\" src=\"https:\/\/hanns-eisler.de\/wp-content\/uploads\/elementor\/thumbs\/iheg-eisler-studien-4-pj95gsjq6kz982tzcxroqr5rta0u61svmnd1nc0kjk.jpg\" title=\"Eisler in England, Eisler-Studie\" alt=\"Eisler in England\" loading=\"lazy\" \/>\t\t\t\t\t\t\t\t\t\t\t\t\t\t\t<\/div>\n\t\t\t\t<\/div>\n\t\t\t\t<div class=\"elementor-element elementor-element-9aebeab elementor-widget elementor-widget-heading\" data-id=\"9aebeab\" data-element_type=\"widget\" data-e-type=\"widget\" data-widget_type=\"heading.default\">\n\t\t\t\t<div class=\"elementor-widget-container\">\n\t\t\t\t\t<h3 class=\"elementor-heading-title elementor-size-default\">Volume 4<\/h3>\t\t\t\t<\/div>\n\t\t\t\t<\/div>\n\t\t\t\t<div class=\"elementor-element elementor-element-f46dce4 elementor-widget elementor-widget-text-editor\" data-id=\"f46dce4\" data-element_type=\"widget\" data-e-type=\"widget\" data-widget_type=\"text-editor.default\">\n\t\t\t\t<div class=\"elementor-widget-container\">\n\t\t\t\t\t\t\t\t\t<p>Oliver Dahin, Erik Levi (eds.) <br><strong>Eisler in England<br>Preceedings of the International Hanns Eisler Conference, London 2010<\/strong><\/p><p>With papers (in English) by Joanna Bullivant, Joy H. Calico, Oliver Dahin, Maria Kiladi, Erik Levi, J\u00fcrgen Schebera, and Peter Schweinhardt <br>Wiesbaden: Breitkopf &amp; H\u00e4rtel, 2014<\/p><p><br><a href=\"https:\/\/www.breitkopf.com\/work\/8420\/16165\" target=\"_blank\" rel=\"noopener\">More information \/ order<\/a><\/p>\t\t\t\t\t\t\t\t<\/div>\n\t\t\t\t<\/div>\n\t\t\t\t\t<\/div>\n\t\t<\/div>\n\t\t\t\t<div class=\"elementor-column elementor-col-33 elementor-top-column elementor-element elementor-element-b2cd385\" data-id=\"b2cd385\" data-element_type=\"column\" data-e-type=\"column\">\n\t\t\t<div class=\"elementor-widget-wrap elementor-element-populated\">\n\t\t\t\t\t\t<div class=\"elementor-element elementor-element-df37d6c elementor-widget elementor-widget-image\" data-id=\"df37d6c\" data-element_type=\"widget\" data-e-type=\"widget\" data-widget_type=\"image.default\">\n\t\t\t\t<div class=\"elementor-widget-container\">\n\t\t\t\t\t\t\t\t\t\t\t\t\t\t\t<img decoding=\"async\" src=\"https:\/\/hanns-eisler.de\/wp-content\/uploads\/elementor\/thumbs\/iheg-eisler-studien-5-pj95gsjq6kz982tzcxroqr5rta0u61svmnd1nc0kjk.jpg\" title=\"Hanns Eisler Goes Hollywood, Eisler-Studie\" alt=\"Hanns Eisler Goes Hollywood\" loading=\"lazy\" \/>\t\t\t\t\t\t\t\t\t\t\t\t\t\t\t<\/div>\n\t\t\t\t<\/div>\n\t\t\t\t<div class=\"elementor-element elementor-element-dbfbd8f elementor-widget elementor-widget-heading\" data-id=\"dbfbd8f\" data-element_type=\"widget\" data-e-type=\"widget\" data-widget_type=\"heading.default\">\n\t\t\t\t<div class=\"elementor-widget-container\">\n\t\t\t\t\t<h3 class=\"elementor-heading-title elementor-size-default\">Volume 5<\/h3>\t\t\t\t<\/div>\n\t\t\t\t<\/div>\n\t\t\t\t<div class=\"elementor-element elementor-element-6769d85 elementor-widget elementor-widget-text-editor\" data-id=\"6769d85\" data-element_type=\"widget\" data-e-type=\"widget\" data-widget_type=\"text-editor.default\">\n\t\t\t\t<div class=\"elementor-widget-container\">\n\t\t\t\t\t\t\t\t\t<p>Johannes C. Gall<br><strong>Hanns Eisler Goes Hollywood<br>Das Buch <em>Komposition f\u00fcr den Film<\/em> und die Filmmusik zu <em>Hangmen Also Die<\/em><\/strong><\/p><p>Doctoral dissertation, University of Hamburg 2011<br>Wiesbaden: Breitkopf &amp; H\u00e4rtel, 2015<\/p><p><br><a href=\"https:\/\/www.breitkopf.com\/work\/8420\/16474\" target=\"_blank\" rel=\"noopener noreferrer\">More information \/ order<\/a> <\/p>\t\t\t\t\t\t\t\t<\/div>\n\t\t\t\t<\/div>\n\t\t\t\t\t<\/div>\n\t\t<\/div>\n\t\t\t\t<div class=\"elementor-column elementor-col-33 elementor-top-column elementor-element elementor-element-836be33\" data-id=\"836be33\" data-element_type=\"column\" data-e-type=\"column\">\n\t\t\t<div class=\"elementor-widget-wrap elementor-element-populated\">\n\t\t\t\t\t\t<div class=\"elementor-element elementor-element-9095c9e elementor-widget elementor-widget-image\" data-id=\"9095c9e\" data-element_type=\"widget\" data-e-type=\"widget\" data-widget_type=\"image.default\">\n\t\t\t\t<div class=\"elementor-widget-container\">\n\t\t\t\t\t\t\t\t\t\t\t\t\t\t\t<img decoding=\"async\" src=\"https:\/\/hanns-eisler.de\/wp-content\/uploads\/elementor\/thumbs\/iheg-eisler-studien-6-pj95gsjq6kz982tzcxroqr5rta0u61svmnd1nc0kjk.jpg\" title=\"Eisler und die Nachwelt, Eisler-Studie\" alt=\"Eisler und die Nachwelt\" loading=\"lazy\" \/>\t\t\t\t\t\t\t\t\t\t\t\t\t\t\t<\/div>\n\t\t\t\t<\/div>\n\t\t\t\t<div class=\"elementor-element elementor-element-01c4118 elementor-widget elementor-widget-heading\" data-id=\"01c4118\" data-element_type=\"widget\" data-e-type=\"widget\" data-widget_type=\"heading.default\">\n\t\t\t\t<div class=\"elementor-widget-container\">\n\t\t\t\t\t<h3 class=\"elementor-heading-title elementor-size-default\">Volume 6<\/h3>\t\t\t\t<\/div>\n\t\t\t\t<\/div>\n\t\t\t\t<div class=\"elementor-element elementor-element-7d54c80 elementor-widget elementor-widget-text-editor\" data-id=\"7d54c80\" data-element_type=\"widget\" data-e-type=\"widget\" data-widget_type=\"text-editor.default\">\n\t\t\t\t<div class=\"elementor-widget-container\">\n\t\t\t\t\t\t\t\t\t<p>Peter Schweinhardt (ed.)<br><strong>Eisler und die Nachwelt<br><\/strong><strong>Symposium zum 50. Todestag Hanns Eislers, Berlin 2012<\/strong><\/p><p>With papers by Knud Breyer, Julian Caskel, Tobias Fa\u00dfhauer, Michael Fjelds\u00f8e, Hannes Heher, Nelly Koetsier, Hartmut Krones, Richard Patrick Nangle, Jr., Adrian Niegot, Arnold Pistiak, Gerd Rien\u00e4cker, J\u00fcrgen Schebera, Wolfgang Thiel, Chiharu Wada, and Horst Weber.<br>Wiesbaden: Breitkopf &amp; H\u00e4rtel, 2017<\/p><p><a href=\"https:\/\/www.breitkopf.com\/work\/8420\/16883\" target=\"_blank\" rel=\"noopener noreferrer\">More information \/ order<\/a><\/p>\t\t\t\t\t\t\t\t<\/div>\n\t\t\t\t<\/div>\n\t\t\t\t\t<\/div>\n\t\t<\/div>\n\t\t\t\t\t<\/div>\n\t\t<\/section>\n\t\t\t\t<\/div>\n\t\t","protected":false},"excerpt":{"rendered":"<p>Slide 1 &#8220;&gt; Eisler-StudienThe Society IHEG The series Eisler-Studien is published by Breitkopf &amp; H\u00e4rtel on behalf of the IHEG. Eisler-Studien. It presents critical approaches to Eisler in the form of themed collections of essays, conference reports, and monographs. Volume 1 Peter Schweinhardt (ed.) Hanns Eislers Johann Faustus. 50 Jahre nach Erscheinen des Operntextes 1952 [&hellip;]<\/p>\n","protected":false},"author":4,"featured_media":0,"parent":8507,"menu_order":300,"comment_status":"closed","ping_status":"closed","template":"elementor_header_footer","meta":{"_acf_changed":false,"footnotes":""},"class_list":["post-8513","page","type-page","status-publish","hentry"],"acf":[],"_links":{"self":[{"href":"https:\/\/hanns-eisler.de\/en\/wp-json\/wp\/v2\/pages\/8513","targetHints":{"allow":["GET"]}}],"collection":[{"href":"https:\/\/hanns-eisler.de\/en\/wp-json\/wp\/v2\/pages"}],"about":[{"href":"https:\/\/hanns-eisler.de\/en\/wp-json\/wp\/v2\/types\/page"}],"author":[{"embeddable":true,"href":"https:\/\/hanns-eisler.de\/en\/wp-json\/wp\/v2\/users\/4"}],"replies":[{"embeddable":true,"href":"https:\/\/hanns-eisler.de\/en\/wp-json\/wp\/v2\/comments?post=8513"}],"version-history":[{"count":5,"href":"https:\/\/hanns-eisler.de\/en\/wp-json\/wp\/v2\/pages\/8513\/revisions"}],"predecessor-version":[{"id":8614,"href":"https:\/\/hanns-eisler.de\/en\/wp-json\/wp\/v2\/pages\/8513\/revisions\/8614"}],"up":[{"embeddable":true,"href":"https:\/\/hanns-eisler.de\/en\/wp-json\/wp\/v2\/pages\/8507"}],"wp:attachment":[{"href":"https:\/\/hanns-eisler.de\/en\/wp-json\/wp\/v2\/media?parent=8513"}],"curies":[{"name":"wp","href":"https:\/\/api.w.org\/{rel}","templated":true}]}}