{"id":8511,"date":"2021-03-21T18:31:07","date_gmt":"2021-03-21T17:31:07","guid":{"rendered":"https:\/\/hanns-eisler.de\/the-society\/eisler-mitteilungen\/"},"modified":"2023-09-21T00:07:29","modified_gmt":"2023-09-20T22:07:29","slug":"eisler-mitteilungen","status":"publish","type":"page","link":"https:\/\/hanns-eisler.de\/en\/the-society\/eisler-mitteilungen\/","title":{"rendered":"Eisler-Mitteilungen"},"content":{"rendered":"\t\t<div data-elementor-type=\"wp-page\" data-elementor-id=\"8511\" class=\"elementor elementor-8511 elementor-5920\" data-elementor-post-type=\"page\">\n\t\t\t\t\t\t<section class=\"elementor-section elementor-top-section elementor-element elementor-element-63fa5b39 elementor-section-full_width elementor-section-height-default elementor-section-height-default\" data-id=\"63fa5b39\" data-element_type=\"section\" data-e-type=\"section\">\n\t\t\t\t\t\t<div class=\"elementor-container elementor-column-gap-no\">\n\t\t\t\t\t<div class=\"elementor-column elementor-col-100 elementor-top-column elementor-element elementor-element-3e87f562\" data-id=\"3e87f562\" data-element_type=\"column\" data-e-type=\"column\">\n\t\t\t<div class=\"elementor-widget-wrap elementor-element-populated\">\n\t\t\t\t\t\t<div class=\"elementor-element elementor-element-6bf9cacd elementor-widget elementor-widget-ova_slideshow\" data-id=\"6bf9cacd\" data-element_type=\"widget\" data-e-type=\"widget\" data-widget_type=\"ova_slideshow.default\">\n\t\t\t\t<div class=\"elementor-widget-container\">\n\t\t\t\t\t\t\t<div class=\"ova_slideshow elementor-slides-wrapper dots_style \" dir=\"ltr\">\n\t\t\t<div class=\"elementor-slides owl-carousel owl-theme owl-loaded arrows-inside arrows-show-always animated owl-animated-out owl-animated-in\" data-owl_carousel=\"{&quot;items&quot;:1,&quot;singleItem&quot;:1,&quot;autoplayTimeout&quot;:10000,&quot;autoplay&quot;:true,&quot;loop&quot;:true,&quot;nav&quot;:true,&quot;dots&quot;:false,&quot;rtl&quot;:false,&quot;dotsClass&quot;:&quot;owl-dots&quot;,&quot;mouseDrag&quot;:false,&quot;navText&quot;:[&quot;&lt;i class=\\&quot;ti-angle-left\\&quot;&gt;&lt;\\\/i&gt;&quot;,&quot;&lt;i class=\\&quot;ti-angle-right\\&quot;&gt;&lt;\\\/i&gt;&quot;]}\">\n\t\t\t\t<div class=\" elementor-repeater-item-2c3c6b7 items\" data-dot=\" <div>Slide 1<\/div> <button><span><\/span><\/button>\"><div class=\" slide-bg elementor-ken-out\" ><\/div>\n\t\t\t<div class=\"slide-inner\"><div class=\"elementor-background-overlay\"><\/div><div class=\"container\"><div class=\"row\"><div class=\"elementor-slide-content\"><div data-animation=\"fadeInUp\" data-animation_dur=\"1000\" class=\"second_font elementor-slide-subtitle\" style=\"animation-duration: 1000ms\">Eisler-Mitteilungen<\/div><div data-animation=\"fadeInUp\" data-animation_dur=\"2000\"  class=\"second_font elementor-slide-title \" style=\"animation-duration: 2000ms\">Die Gesellschaft<\/div><div class=\"elementor-slide-description\"><\/div><\/div><\/div><\/div><\/div><\/div>\t\t\t<\/div>\n\t\t<\/div>\n\t\t\t\t\t\t<\/div>\n\t\t\t\t<\/div>\n\t\t\t\t\t<\/div>\n\t\t<\/div>\n\t\t\t\t\t<\/div>\n\t\t<\/section>\n\t\t\t\t<section class=\"elementor-section elementor-top-section elementor-element elementor-element-b46a2ec elementor-section-content-middle elementor-section-boxed elementor-section-height-default elementor-section-height-default\" data-id=\"b46a2ec\" data-element_type=\"section\" data-e-type=\"section\">\n\t\t\t\t\t\t<div class=\"elementor-container elementor-column-gap-default\">\n\t\t\t\t\t<div class=\"elementor-column elementor-col-100 elementor-top-column elementor-element elementor-element-3d50d070\" data-id=\"3d50d070\" data-element_type=\"column\" data-e-type=\"column\">\n\t\t\t<div class=\"elementor-widget-wrap elementor-element-populated\">\n\t\t\t\t\t\t<div class=\"elementor-element elementor-element-476817c1 elementor-widget elementor-widget-text-editor\" data-id=\"476817c1\" data-element_type=\"widget\" data-e-type=\"widget\" data-widget_type=\"text-editor.default\">\n\t\t\t\t<div class=\"elementor-widget-container\">\n\t\t\t\t\t\t\t\t\tThe <em>Eisler-Mitteilungen<\/em> are published by the International Hanns Eisler Society on behalf of the Hanns and Steffy Eisler Foundation, And they were sent free of charge to <a href=\"https:\/\/hanns-eisler.de\/en\/support-donation\/\">all members of the International Hanns Eisler Society<\/a>.\nYou can request a free sample copy from us by <a href=\"mailto:iheg@hanns-eisler.de\">email<\/a>.\t\t\t\t\t\t\t\t<\/div>\n\t\t\t\t<\/div>\n\t\t\t\t\t<\/div>\n\t\t<\/div>\n\t\t\t\t\t<\/div>\n\t\t<\/section>\n\t\t\t\t<section class=\"elementor-section elementor-top-section elementor-element elementor-element-c45f7c0 elementor-section-content-middle elementor-section-boxed elementor-section-height-default elementor-section-height-default\" data-id=\"c45f7c0\" data-element_type=\"section\" data-e-type=\"section\">\n\t\t\t\t\t\t<div class=\"elementor-container elementor-column-gap-default\">\n\t\t\t\t\t<div class=\"elementor-column elementor-col-33 elementor-top-column elementor-element elementor-element-7fedecd6\" data-id=\"7fedecd6\" data-element_type=\"column\" data-e-type=\"column\">\n\t\t\t<div class=\"elementor-widget-wrap elementor-element-populated\">\n\t\t\t\t\t\t<div class=\"elementor-element elementor-element-3137d215 elementor-widget elementor-widget-image\" data-id=\"3137d215\" data-element_type=\"widget\" data-e-type=\"widget\" data-widget_type=\"image.default\">\n\t\t\t\t<div class=\"elementor-widget-container\">\n\t\t\t\t\t\t\t\t\t\t\t\t\t\t\t<img fetchpriority=\"high\" decoding=\"async\" width=\"200\" height=\"283\" src=\"https:\/\/hanns-eisler.de\/wp-content\/uploads\/2021\/03\/iheg-eisler-mitteilungen-nr-45.jpg\" class=\"attachment-medium_large size-medium_large wp-image-7535\" alt=\"Eisler-Mitteilungen No. 45\" \/>\t\t\t\t\t\t\t\t\t\t\t\t\t\t\t<\/div>\n\t\t\t\t<\/div>\n\t\t\t\t\t<\/div>\n\t\t<\/div>\n\t\t\t\t<div class=\"elementor-column elementor-col-66 elementor-top-column elementor-element elementor-element-674c4196\" data-id=\"674c4196\" data-element_type=\"column\" data-e-type=\"column\">\n\t\t\t<div class=\"elementor-widget-wrap elementor-element-populated\">\n\t\t\t\t\t\t<div class=\"elementor-element elementor-element-44de173e elementor-widget elementor-widget-heading\" data-id=\"44de173e\" data-element_type=\"widget\" data-e-type=\"widget\" data-widget_type=\"heading.default\">\n\t\t\t\t<div class=\"elementor-widget-container\">\n\t\t\t\t\t<h3 class=\"elementor-heading-title elementor-size-default\">The next edition<\/h3>\t\t\t\t<\/div>\n\t\t\t\t<\/div>\n\t\t\t\t<div class=\"elementor-element elementor-element-c43077c elementor-widget elementor-widget-text-editor\" data-id=\"c43077c\" data-element_type=\"widget\" data-e-type=\"widget\" data-widget_type=\"text-editor.default\">\n\t\t\t\t<div class=\"elementor-widget-container\">\n\t\t\t\t\t\t\t\t\t<p>The next issue will be published in the 2nd half of 2023.<\/p>\n<p>Please send topic suggestions to the editorial team at IHEG <a href=\"mailto:iheg@hanns-eisler.de\">iheg@hanns-eisler.de<\/a><\/p>\t\t\t\t\t\t\t\t<\/div>\n\t\t\t\t<\/div>\n\t\t\t\t\t<\/div>\n\t\t<\/div>\n\t\t\t\t\t<\/div>\n\t\t<\/section>\n\t\t\t\t<section class=\"elementor-section elementor-top-section elementor-element elementor-element-632b748 elementor-section-content-middle elementor-section-boxed elementor-section-height-default elementor-section-height-default\" data-id=\"632b748\" data-element_type=\"section\" data-e-type=\"section\">\n\t\t\t\t\t\t<div class=\"elementor-container elementor-column-gap-default\">\n\t\t\t\t\t<div class=\"elementor-column elementor-col-33 elementor-top-column elementor-element elementor-element-f971950\" data-id=\"f971950\" data-element_type=\"column\" data-e-type=\"column\">\n\t\t\t<div class=\"elementor-widget-wrap\">\n\t\t\t\t\t\t\t<\/div>\n\t\t<\/div>\n\t\t\t\t<div class=\"elementor-column elementor-col-66 elementor-top-column elementor-element elementor-element-c8398cf\" data-id=\"c8398cf\" data-element_type=\"column\" data-e-type=\"column\">\n\t\t\t<div class=\"elementor-widget-wrap elementor-element-populated\">\n\t\t\t\t\t\t<div class=\"elementor-element elementor-element-4ee06d4 elementor-widget elementor-widget-posts\" data-id=\"4ee06d4\" data-element_type=\"widget\" data-e-type=\"widget\" data-settings=\"{&quot;full_content_row_gap&quot;:{&quot;unit&quot;:&quot;px&quot;,&quot;size&quot;:50,&quot;sizes&quot;:[]}}\" data-widget_type=\"posts.full_content\">\n\t\t\t\t<div class=\"elementor-widget-container\">\n\t\t\t\t\t\t\t<div class=\"elementor-posts-container elementor-posts elementor-posts--skin-full_content elementor-grid\" role=\"list\">\n\t\t\t\t<article class=\"elementor-post elementor-grid-item post-10298 eisler-mitteilungen type-eisler-mitteilungen status-publish has-post-thumbnail hentry\" role=\"listitem\">\n\t\t\t\t<div class=\"elementor-post__text\">\n\t\t\t\t<h3 class=\"elementor-post__title\">\n\t\t\t<a href=\"https:\/\/hanns-eisler.de\/en\/eisler-mitteilungen\/eisler-mitteilungen-78\/\" >\n\t\t\t\tEisler-Mitteilungen 78\t\t\t<\/a>\n\t\t<\/h3>\n\t\t<p><strong>Inhalt<\/strong><\/p>\n<ul>\n<li>Editorial<\/li>\n<li>Drei Fragen an Roswitha Trexler, Leipzig<\/li>\n<li>Protest und Affirmation \/ Hanns Eislers <em>Zeitungsausschnitte<\/em> op. 11 und Max Regers <em>Schlichte Weisen<\/em> op. 76 (Knud Breyer)<\/li>\n<li>Robert Gerhard &#8211; Ein Sch\u00f6nberg-Sch\u00fcler als fr\u00fcher Vermittler der k\u00fcnstlerischen und politischen Positionen Hanns Eislers in Katalonien ( Diego Alonso Tom\u00e1s)<\/li>\n<li>Keine Widmung an Adorno &#8211; Jedenfalls nicht der Kammersymphonie &#8211; Eine Klarstellung (Tobias Fa\u00dfhauer)<\/li>\n<li><em>Aufstand <\/em>in Cottbus &#8211; Eine &#8220;St\u00fcckentwicklung&#8221; nach Seghers und Piscator mit Liedern von Eisler, Gespr\u00e4ch mit Hans Petith<\/li>\n<li>Eine gewisse H\u00e4rte &#8211; Interview mit Peter Kopp \u00fcber Eislers Chormusik<\/li>\n<li>Klang an sich ist polistisch &#8211; Die Eisler-Stipendiatin Shasha Chen im Gespr\u00e4ch mit Steffen Schleiermacher<\/li>\n<li>Rezensionen<\/li>\n<li>Termine<\/li>\n<li>IHEG<\/li>\n<\/ul>\n\t\t<\/div>\n\t\t\t\t<\/article>\n\t\t\t\t<article class=\"elementor-post elementor-grid-item post-10074 eisler-mitteilungen type-eisler-mitteilungen status-publish has-post-thumbnail hentry\" role=\"listitem\">\n\t\t\t\t<div class=\"elementor-post__text\">\n\t\t\t\t<h3 class=\"elementor-post__title\">\n\t\t\t<a href=\"https:\/\/hanns-eisler.de\/en\/eisler-mitteilungen\/eisler-mitteilungen-77\/\" >\n\t\t\t\tEisler-Mitteilungen 77\t\t\t<\/a>\n\t\t<\/h3>\n\t\t<p><strong>Inhalt<\/strong><\/p>\n<ul>\n<li>Editorial<\/li>\n<li>Drei Fragen an Hartmut Krones, Wien<\/li>\n<li>Doppelschlagfertig. Zum 10. Todestag des Komponisten, Journalisten und Eisler-Protagonisten Konrad Boehmer (Frieder Reininghaus)<\/li>\n<li>Unb\u00e4ndiges Spanien &#8211; Zum Defa-Dokumentar-Film von 1962 (Tobias Fa\u00dfhauer)<\/li>\n<li>Eisler nach vorn! (Tobias Fa\u00dfhauer)<\/li>\n<li>Veranstaltungen<\/li>\n<li>Rezensionen<\/li>\n<li>IHEG<\/li>\n<li>Vorschau<\/li>\n<\/ul>\n\t\t<\/div>\n\t\t\t\t<\/article>\n\t\t\t\t<article class=\"elementor-post elementor-grid-item post-9781 eisler-mitteilungen type-eisler-mitteilungen status-publish has-post-thumbnail hentry\" role=\"listitem\">\n\t\t\t\t<div class=\"elementor-post__text\">\n\t\t\t\t<h3 class=\"elementor-post__title\">\n\t\t\t<a href=\"https:\/\/hanns-eisler.de\/en\/eisler-mitteilungen\/eisler-mitteilungen-76\/\" >\n\t\t\t\tEisler-Mitteilungen 76\t\t\t<\/a>\n\t\t<\/h3>\n\t\t<p><strong>Inhalt<\/strong><\/p>\n<ul>\n<li>Editorial<\/li>\n<li>Drei Fragen an Dieter Kleinpeter, Wien<\/li>\n<li>Prolog: Eisler heute und morgen (Frieder Reininghaus)<\/li>\n<li>Leipzig? Ja, auch Leipzig! Die EislerTage im Juli 2023 (Frieder Reininghaus \/ Antonia Teibler)<\/li>\n<li>EislerTage Wien 2023: Drei &#8220;Unangepa\u00dfte&#8221; (Hartmut Krones)<\/li>\n<li>Neue &#8220;Berlin Verses&#8221; erg\u00e4nzen das &#8220;Hollywooder Liederbuch&#8221; Der S\u00e4nger Andrew Munn im Gespr\u00e4ch mit Albrecht D\u00fcmling<\/li>\n<li>Veranstaltungen<\/li>\n<li>Rezensionen<\/li>\n<li>IHEG<\/li>\n<li>Vorschau<\/li>\n<\/ul>\n\t\t<\/div>\n\t\t\t\t<\/article>\n\t\t\t\t<article class=\"elementor-post elementor-grid-item post-9667 eisler-mitteilungen type-eisler-mitteilungen status-publish has-post-thumbnail hentry\" role=\"listitem\">\n\t\t\t\t<div class=\"elementor-post__text\">\n\t\t\t\t<h3 class=\"elementor-post__title\">\n\t\t\t<a href=\"https:\/\/hanns-eisler.de\/en\/eisler-mitteilungen\/eisler-mitteilungen-75\/\" >\n\t\t\t\tEisler-Mitteilungen 75\t\t\t<\/a>\n\t\t<\/h3>\n\t\t<p><strong>Inhalt<\/strong><\/p>\n<ul>\n<li>Editorial<\/li>\n<li>Drei Fragen an Klaus V\u00f6lker, Berlin<\/li>\n<li>Auf den Spuren des Namenspatrons. 50 Jahre Hanns Eisler Chor Berlin (Albrecht D\u00fcmling)<\/li>\n<li>Von Eisler lernen. Albrecht D\u00fcmling im Interview mit den Chordirigentinnen Christina Hoffmann-M\u00f6ller und Susanne J\u00fcdes<\/li>\n<li>Eisler &amp; Bach. &#8220;Holland Baroque&#8221; und Thomas Oliemans (Nelly Koetsier)<\/li>\n<li>Veranstaltungen<\/li>\n<li>Rezensionen<\/li>\n<li>IHEG<\/li>\n<li>Vorschau<\/li>\n<\/ul>\n\t\t<\/div>\n\t\t\t\t<\/article>\n\t\t\t\t<article class=\"elementor-post elementor-grid-item post-9250 eisler-mitteilungen type-eisler-mitteilungen status-publish has-post-thumbnail hentry\" role=\"listitem\">\n\t\t\t\t<div class=\"elementor-post__text\">\n\t\t\t\t<h3 class=\"elementor-post__title\">\n\t\t\t<a href=\"https:\/\/hanns-eisler.de\/en\/eisler-mitteilungen\/eisler-mitteilungen-74\/\" >\n\t\t\t\tEisler-Mitteilungen 74\t\t\t<\/a>\n\t\t<\/h3>\n\t\t<p><strong>Inhalt<\/strong><\/p>\n<ul>\n<li>Editorial\u00a0 &#8211; Wir, so gut es gelang, haben das unser getan!<\/li>\n<li>Drei Fragen an Frieder Reininghaus, Much bei K\u00f6ln<\/li>\n<li>60. Todestag von Hanns Eisler (Petra Hildebrand-Wanner \/ Klaus V\u00f6lker)<\/li>\n<li>Ernste und andere Ges\u00e4nge (Hartmut Fladt)<\/li>\n<li>Gel\u00e4ufigkeit und Geschmack in der Komposition. Eislers komponierende Gro\u00dfmutter (Peter Konopatsch)<\/li>\n<li>Hanns Eisler und die A.K.M. Teil 2 (Hartmut Krones)<\/li>\n<li>Auff\u00fchrungen<\/li>\n<li>Medien<\/li>\n<li>IHEG<\/li>\n<li>Vorschau<\/li>\n<\/ul>\n\t\t<\/div>\n\t\t\t\t<\/article>\n\t\t\t\t<article class=\"elementor-post elementor-grid-item post-8940 eisler-mitteilungen type-eisler-mitteilungen status-publish has-post-thumbnail hentry\" role=\"listitem\">\n\t\t\t\t<div class=\"elementor-post__text\">\n\t\t\t\t<h3 class=\"elementor-post__title\">\n\t\t\t<a href=\"https:\/\/hanns-eisler.de\/en\/eisler-mitteilungen\/eisler-mitteilungen-73\/\" >\n\t\t\t\tEisler-Mitteilungen 73\t\t\t<\/a>\n\t\t<\/h3>\n\t\t<p><strong>Inhalt<\/strong><\/p>\n<ul>\n<li>Editorial<\/li>\n<li>Drei Fragen an Kati Mar\u00f3thy-Ratz, Wien<\/li>\n<li>Hanns Eisler und die A.K.M. (Teil 1) ( Hartmut Krones )<\/li>\n<li>Hofs\u00e4nger und Hofkomponist <em>Hanns Eisler und Ernst Busch in der Mitte des Jahrhunderts <\/em>(Carola Schramm)<\/li>\n<li>Kunst gegen die Dummheit &#8211; <em>Versuch \u00fcber Hanns Eisler<\/em> (Michael Rieger)<\/li>\n<li>Auff\u00fchrungen<\/li>\n<li>Rezensionen<\/li>\n<li>Interview<\/li>\n<li>IHEG<\/li>\n<li>Vorschau<\/li>\n<\/ul>\n\t\t<\/div>\n\t\t\t\t<\/article>\n\t\t\t\t<article class=\"elementor-post elementor-grid-item post-8942 eisler-mitteilungen type-eisler-mitteilungen status-publish has-post-thumbnail hentry\" role=\"listitem\">\n\t\t\t\t<div class=\"elementor-post__text\">\n\t\t\t\t<h3 class=\"elementor-post__title\">\n\t\t\t<a href=\"https:\/\/hanns-eisler.de\/en\/eisler-mitteilungen\/eisler-mitteilungen-72\/\" >\n\t\t\t\tEisler-Mitteilungen 72\t\t\t<\/a>\n\t\t<\/h3>\n\t\t<p><strong>Inhalt<\/strong><\/p>\n<ul>\n<li>Editorial<\/li>\n<li>Drei Fragen an Arnold Pistiak, Berlin<\/li>\n<li>&#8220;Herr Pischner machte mich auf Sie aufmerksam&#8221; Hanns Eisler und Hilmar Thate (J\u00fcrgen Schebera)<\/li>\n<li>Kampflieder, Satire, Homoerotik.\u00a0<em>Ludwig\u00a0<\/em><i>Renns &#8220;nicht vertonte Texte&#8221; aus der Zeit des spanischen B\u00fcrgerkriegs im Hanns Eisler Archiv\u00a0<\/i>(Diego Alonso Tom\u00e1s)<\/li>\n<li>Zur Arnold Pistiaks K\u00fcnstlerroman \u00fcber Paul Dessau (Christian Glanz)<\/li>\n<li>Arnold Pistiak: Paul Dessau. Ein K\u00fcnstlerroman in 14 Bildern (Edition Bodoni) Bild 11: Der Professor und die Komponisten<\/li>\n<li>Auff\u00fchrungen<\/li>\n<li>Medien<\/li>\n<li>IHEG<\/li>\n<li>Gedenken<\/li>\n<li>Vorschau<\/li>\n<\/ul>\n\t\t<\/div>\n\t\t\t\t<\/article>\n\t\t\t\t<article class=\"elementor-post elementor-grid-item post-8907 eisler-mitteilungen type-eisler-mitteilungen status-publish hentry\" role=\"listitem\">\n\t\t\t\t<div class=\"elementor-post__text\">\n\t\t\t\t<h3 class=\"elementor-post__title\">\n\t\t\t<a href=\"https:\/\/hanns-eisler.de\/en\/eisler-mitteilungen\/eisler-mitteilungen-71\/\" >\n\t\t\t\tEisler-Mitteilungen 71\t\t\t<\/a>\n\t\t<\/h3>\n\t\t<p><strong>Inhalt<\/strong><\/p>\n<ul>\n<li>Editorial<\/li>\n<li>Drei Fragen an Tobias Fa\u00dfhauer, Berlin<\/li>\n<li>Wer bist du? \u00c4ndere die Welt!\u00a0<i>Zur\u00a0Person Erwin Ratz<\/i> (Antonia Teibler)<\/li>\n<li>Edition ist Edition ist Edition.\u00a0<em>Korrigenda zur H\u00f6llenangst-Ouvert\u00fcre in HEGA V\/5<\/em> (Peter Schweinhardt)<\/li>\n<li>Versuche einer Rehabilitation der &#8220;Wiener Schule&#8221; in Leipzig (Fritz Hennenberg)<\/li>\n<li>A Conversation with David Blake, Student of Hanns Eisler in 1960\/61 (Gregor Forbes)<\/li>\n<li>Auff\u00fchrungen<\/li>\n<li>Medien<\/li>\n<li>IHEG<\/li>\n<li>Vorschau<\/li>\n<\/ul>\n\t\t<\/div>\n\t\t\t\t<\/article>\n\t\t\t\t<article class=\"elementor-post elementor-grid-item post-5950 eisler-mitteilungen type-eisler-mitteilungen status-publish hentry\" role=\"listitem\">\n\t\t\t\t<div class=\"elementor-post__text\">\n\t\t\t\t<h3 class=\"elementor-post__title\">\n\t\t\t<a href=\"https:\/\/hanns-eisler.de\/en\/eisler-mitteilungen\/eisler-mitteilungen-70\/\" >\n\t\t\t\tEisler-Mitteilungen 70\t\t\t<\/a>\n\t\t<\/h3>\n\t\t<p><strong>Inhalt<\/strong><\/p>\n<ul>\n<li>Drei Fragen an Prof. Dr. Christian Glanz, Wien.<\/li>\n<li><em>&#8220;It&#8217;s nothing if it&#8217;s not dangerous&#8221;<\/em>. Marc Blitzstein und Hanns Eisler: eine Begegnung des Jahrhunderts (Dietrich Stern)<\/li>\n<li>Hanns Eisler und die \u00d6sterreichischen Arbeiters\u00e4nger. (Hartmut Krones)<\/li>\n<li>Mythos oder Trauma? \/ Zur Konferenz <em>&#8220;Music and the Spanish Civil War&#8221;<\/em> an der Humboldt-Universit\u00e4t zu Berlin (Diego Alonso \/ Peter Deeg)<\/li>\n<li>Eisler in Spanien &#8211; Ein erstaunlicher Fotofund (Carola Schramm)<\/li>\n<li>Wenn ein Japaner Haydn spielt \/ Christoph Keller 70 \/ Ein Recherchebericht in 14 Teilen und 1 Schlussbetrachtung (Peter Deeg)<\/li>\n<li>Medien: u.a. Endlich lieferbar: Der dritte Briefe-Band<\/li>\n<li>Auff\u00fchrungen<\/li>\n<li>Fundst\u00fcck<\/li>\n<li>IHEG u.a. Der Musikversteher. Hartmut Fladt wird 75.<\/li>\n<li>Vorschau<\/li>\n<\/ul>\n\t\t<\/div>\n\t\t\t\t<\/article>\n\t\t\t\t<article class=\"elementor-post elementor-grid-item post-5951 eisler-mitteilungen type-eisler-mitteilungen status-publish hentry\" role=\"listitem\">\n\t\t\t\t<div class=\"elementor-post__text\">\n\t\t\t\t<h3 class=\"elementor-post__title\">\n\t\t\t<a href=\"https:\/\/hanns-eisler.de\/en\/eisler-mitteilungen\/eisler-mitteilungen-69\/\" >\n\t\t\t\tEisler-Mitteilungen 69\t\t\t<\/a>\n\t\t<\/h3>\n\t\t<p><strong>Inhalt<\/strong><\/p>\n<ul>\n<li>Drei Fragen an die drei Ehefrauen von Hanns Eisler<\/li>\n<li>Weiter \u00fcber&#8217;s Ziel geschossen \/ Charlotte Eisler: S\u00e4ngerin, Pianistin, Musikologin, Kommunistin \u2013 und Ehefrau und Mutter (Hannes Heher)<\/li>\n<li>Charlotte Eisler im Konzert (Liste historisch nachweisbarer Auftritte) (Hannes Heher)<\/li>\n<li>Georg Eisler (1928 \u2013 1998): Die Mutter des K\u00fcnstlers. Portr\u00e4t Charlotte Eisler, \u00d6l auf Leinwand, 1956<\/li>\n<li>Die musikalischste Frau, die ich kenne \/ Charlotte Eisler im Interview \u2013 befragt von Hanns Bunge (1964)<\/li>\n<li>Aus Eislers Berliner Kreis ins spanische Exil \u2013 und weiter nach Mexiko \/ Otto Mayer-Serra in den 1930er Jahren (Diego Alonso)<\/li>\n<li>Ein unbekannter Text von Hanns Eisler: Der Zusammenbruch des DASB (1933)<\/li>\n<li>My God, it&#8217;s a century ago! \/ Zum 80. Geburtstag: Eisler-Biograph J\u00fcrgen Schebera im Gespr\u00e4ch<\/li>\n<li>Hegel 250 \u2013 H\u00f6lderlin 250<\/li>\n<li>Beethoven 250* \/ Beethoven, Eisler und der progressive Arbeiter \/ Ein Rundfunktext von Wolf Rosenberg<\/li>\n<li>Auff\u00fchrungen, Medien, 300 Jahre Breitkopf &amp; H\u00e4rtel<\/li>\n<\/ul>\n<p>u.a.<\/p>\n\t\t<\/div>\n\t\t\t\t<\/article>\n\t\t\t\t<\/div>\n\t\t\n\t\t\t\t<div class=\"e-load-more-anchor\" data-page=\"1\" data-max-page=\"6\" data-next-page=\"https:\/\/hanns-eisler.de\/en\/wp-json\/wp\/v2\/pages\/8511\/page\/2\/\"><\/div>\n\t\t\t\t<nav class=\"elementor-pagination\" aria-label=\"Pagination\">\n\t\t\t<span class=\"page-numbers prev\">\u00ab Previous<\/span>\n<span aria-current=\"page\" class=\"page-numbers current\"><span class=\"elementor-screen-only\">Page<\/span>1<\/span>\n<a class=\"page-numbers\" href=\"https:\/\/hanns-eisler.de\/en\/wp-json\/wp\/v2\/pages\/8511\/page\/2\/\"><span class=\"elementor-screen-only\">Page<\/span>2<\/a>\n<a class=\"page-numbers\" href=\"https:\/\/hanns-eisler.de\/en\/wp-json\/wp\/v2\/pages\/8511\/page\/3\/\"><span class=\"elementor-screen-only\">Page<\/span>3<\/a>\n<span class=\"page-numbers dots\">&hellip;<\/span>\n<a class=\"page-numbers\" href=\"https:\/\/hanns-eisler.de\/en\/wp-json\/wp\/v2\/pages\/8511\/page\/6\/\"><span class=\"elementor-screen-only\">Page<\/span>6<\/a>\n<a class=\"page-numbers next\" href=\"https:\/\/hanns-eisler.de\/en\/wp-json\/wp\/v2\/pages\/8511\/page\/2\/\">Next \u00bb<\/a>\t\t<\/nav>\n\t\t\t\t\t\t<\/div>\n\t\t\t\t<\/div>\n\t\t\t\t\t<\/div>\n\t\t<\/div>\n\t\t\t\t\t<\/div>\n\t\t<\/section>\n\t\t\t\t<\/div>\n\t\t","protected":false},"excerpt":{"rendered":"<p>Slide 1 &#8220;> Eisler-MitteilungenDie Gesellschaft The Eisler-Mitteilungen are published by the International Hanns Eisler Society on behalf of the Hanns and Steffy Eisler Foundation, And they were sent free of charge to all members of the International Hanns Eisler Society. You can request a free sample copy from us by email. The next edition The [&hellip;]<\/p>\n","protected":false},"author":4,"featured_media":0,"parent":8507,"menu_order":200,"comment_status":"closed","ping_status":"closed","template":"elementor_header_footer","meta":{"_acf_changed":false,"footnotes":""},"class_list":["post-8511","page","type-page","status-publish","hentry"],"acf":[],"_links":{"self":[{"href":"https:\/\/hanns-eisler.de\/en\/wp-json\/wp\/v2\/pages\/8511","targetHints":{"allow":["GET"]}}],"collection":[{"href":"https:\/\/hanns-eisler.de\/en\/wp-json\/wp\/v2\/pages"}],"about":[{"href":"https:\/\/hanns-eisler.de\/en\/wp-json\/wp\/v2\/types\/page"}],"author":[{"embeddable":true,"href":"https:\/\/hanns-eisler.de\/en\/wp-json\/wp\/v2\/users\/4"}],"replies":[{"embeddable":true,"href":"https:\/\/hanns-eisler.de\/en\/wp-json\/wp\/v2\/comments?post=8511"}],"version-history":[{"count":9,"href":"https:\/\/hanns-eisler.de\/en\/wp-json\/wp\/v2\/pages\/8511\/revisions"}],"predecessor-version":[{"id":9583,"href":"https:\/\/hanns-eisler.de\/en\/wp-json\/wp\/v2\/pages\/8511\/revisions\/9583"}],"up":[{"embeddable":true,"href":"https:\/\/hanns-eisler.de\/en\/wp-json\/wp\/v2\/pages\/8507"}],"wp:attachment":[{"href":"https:\/\/hanns-eisler.de\/en\/wp-json\/wp\/v2\/media?parent=8511"}],"curies":[{"name":"wp","href":"https:\/\/api.w.org\/{rel}","templated":true}]}}