{"id":8509,"date":"2021-03-21T17:37:19","date_gmt":"2021-03-21T16:37:19","guid":{"rendered":"https:\/\/hanns-eisler.de\/the-society\/board\/"},"modified":"2025-01-25T23:41:47","modified_gmt":"2025-01-25T22:41:47","slug":"board","status":"publish","type":"page","link":"https:\/\/hanns-eisler.de\/en\/the-society\/board\/","title":{"rendered":"Board"},"content":{"rendered":"\t\t<div data-elementor-type=\"wp-page\" data-elementor-id=\"8509\" class=\"elementor elementor-8509 elementor-5843\" data-elementor-post-type=\"page\">\n\t\t\t\t\t\t<section class=\"elementor-section elementor-top-section elementor-element elementor-element-5a819142 elementor-section-full_width elementor-section-height-default elementor-section-height-default\" data-id=\"5a819142\" data-element_type=\"section\" data-e-type=\"section\">\n\t\t\t\t\t\t<div class=\"elementor-container elementor-column-gap-no\">\n\t\t\t\t\t<div class=\"elementor-column elementor-col-100 elementor-top-column elementor-element elementor-element-425735f4\" data-id=\"425735f4\" data-element_type=\"column\" data-e-type=\"column\">\n\t\t\t<div class=\"elementor-widget-wrap elementor-element-populated\">\n\t\t\t\t\t\t<div class=\"elementor-element elementor-element-6cd742eb elementor-widget elementor-widget-ova_slideshow\" data-id=\"6cd742eb\" data-element_type=\"widget\" data-e-type=\"widget\" data-widget_type=\"ova_slideshow.default\">\n\t\t\t\t<div class=\"elementor-widget-container\">\n\t\t\t\t\t\t\t<div class=\"ova_slideshow elementor-slides-wrapper dots_style \" dir=\"ltr\">\n\t\t\t<div class=\"elementor-slides owl-carousel owl-theme owl-loaded arrows-inside arrows-show-always animated owl-animated-out owl-animated-in\" data-owl_carousel=\"{&quot;items&quot;:1,&quot;singleItem&quot;:1,&quot;autoplayTimeout&quot;:10000,&quot;autoplay&quot;:true,&quot;loop&quot;:true,&quot;nav&quot;:true,&quot;dots&quot;:false,&quot;rtl&quot;:false,&quot;dotsClass&quot;:&quot;owl-dots&quot;,&quot;mouseDrag&quot;:false,&quot;navText&quot;:[&quot;&lt;i class=\\&quot;ti-angle-left\\&quot;&gt;&lt;\\\/i&gt;&quot;,&quot;&lt;i class=\\&quot;ti-angle-right\\&quot;&gt;&lt;\\\/i&gt;&quot;]}\">\n\t\t\t\t<div class=\" elementor-repeater-item-2c3c6b7 items\" data-dot=\" <div>Slide 1<\/div> <button><span><\/span><\/button>\"><div class=\" slide-bg elementor-ken-out\" ><\/div>\n\t\t\t<div class=\"slide-inner\"><div class=\"elementor-background-overlay\"><\/div><div class=\"container\"><div class=\"row\"><div class=\"elementor-slide-content\"><div data-animation=\"fadeInUp\" data-animation_dur=\"1000\" class=\"second_font elementor-slide-subtitle\" style=\"animation-duration: 1000ms\">Die Gesellschaft<\/div><div data-animation=\"fadeInUp\" data-animation_dur=\"2000\"  class=\"second_font elementor-slide-title \" style=\"animation-duration: 2000ms\">Der Vorstand<\/div><div class=\"elementor-slide-description\"><\/div><\/div><\/div><\/div><\/div><\/div>\t\t\t<\/div>\n\t\t<\/div>\n\t\t\t\t\t\t<\/div>\n\t\t\t\t<\/div>\n\t\t\t\t\t<\/div>\n\t\t<\/div>\n\t\t\t\t\t<\/div>\n\t\t<\/section>\n\t\t\t\t<section class=\"elementor-section elementor-top-section elementor-element elementor-element-61ae109a elementor-section-boxed elementor-section-height-default elementor-section-height-default\" data-id=\"61ae109a\" data-element_type=\"section\" data-e-type=\"section\">\n\t\t\t\t\t\t<div class=\"elementor-container elementor-column-gap-default\">\n\t\t\t\t\t<div class=\"elementor-column elementor-col-100 elementor-top-column elementor-element elementor-element-41e0a8fa\" data-id=\"41e0a8fa\" data-element_type=\"column\" data-e-type=\"column\">\n\t\t\t<div class=\"elementor-widget-wrap elementor-element-populated\">\n\t\t\t\t\t\t<div class=\"elementor-element elementor-element-77ae92ff line-height-30 elementor-widget elementor-widget-text-editor\" data-id=\"77ae92ff\" data-element_type=\"widget\" data-e-type=\"widget\" data-widget_type=\"text-editor.default\">\n\t\t\t\t<div class=\"elementor-widget-container\">\n\t\t\t\t\t\t\t\t\t<p>Die gew\u00e4hlten Gremien und Funktionstr\u00e4ger der Internationalen Hanns Eisler Gesellschaft (seit Juli 2023). <\/p>\n<p>Der Vorstand ist f\u00fcr Inhalt und Finanzierung der Projekte verantwortlich. Er arbeitet ehrenamtlich.<\/p>\n\t\t\t\t\t\t\t\t<\/div>\n\t\t\t\t<\/div>\n\t\t\t\t\t<\/div>\n\t\t<\/div>\n\t\t\t\t\t<\/div>\n\t\t<\/section>\n\t\t\t\t<section class=\"elementor-section elementor-top-section elementor-element elementor-element-3f28ecf9 elementor-section-boxed elementor-section-height-default elementor-section-height-default\" data-id=\"3f28ecf9\" data-element_type=\"section\" data-e-type=\"section\">\n\t\t\t\t\t\t<div class=\"elementor-container elementor-column-gap-default\">\n\t\t\t\t\t<div class=\"elementor-column elementor-col-33 elementor-top-column elementor-element elementor-element-3e426d8c\" data-id=\"3e426d8c\" data-element_type=\"column\" data-e-type=\"column\">\n\t\t\t<div class=\"elementor-widget-wrap elementor-element-populated\">\n\t\t\t\t\t\t<div class=\"elementor-element elementor-element-ef5294f elementor-widget elementor-widget-heading\" data-id=\"ef5294f\" data-element_type=\"widget\" data-e-type=\"widget\" data-widget_type=\"heading.default\">\n\t\t\t\t<div class=\"elementor-widget-container\">\n\t\t\t\t\t<h2 class=\"elementor-heading-title elementor-size-default\">Chairman of the Board<\/h2>\t\t\t\t<\/div>\n\t\t\t\t<\/div>\n\t\t\t\t\t<\/div>\n\t\t<\/div>\n\t\t\t\t<div class=\"elementor-column elementor-col-66 elementor-top-column elementor-element elementor-element-5e6d2eb\" data-id=\"5e6d2eb\" data-element_type=\"column\" data-e-type=\"column\">\n\t\t\t<div class=\"elementor-widget-wrap elementor-element-populated\">\n\t\t\t\t\t\t<div class=\"elementor-element elementor-element-8a177ac elementor-widget elementor-widget-text-editor\" data-id=\"8a177ac\" data-element_type=\"widget\" data-e-type=\"widget\" data-widget_type=\"text-editor.default\">\n\t\t\t\t<div class=\"elementor-widget-container\">\n\t\t\t\t\t\t\t\t\t<p>Dr. h.c. Frieder Reininghaus (Much)<\/p>\n\t\t\t\t\t\t\t\t<\/div>\n\t\t\t\t<\/div>\n\t\t\t\t\t<\/div>\n\t\t<\/div>\n\t\t\t\t\t<\/div>\n\t\t<\/section>\n\t\t\t\t<section class=\"elementor-section elementor-top-section elementor-element elementor-element-02ca444 elementor-section-boxed elementor-section-height-default elementor-section-height-default\" data-id=\"02ca444\" data-element_type=\"section\" data-e-type=\"section\">\n\t\t\t\t\t\t<div class=\"elementor-container elementor-column-gap-default\">\n\t\t\t\t\t<div class=\"elementor-column elementor-col-33 elementor-top-column elementor-element elementor-element-5145dd8\" data-id=\"5145dd8\" data-element_type=\"column\" data-e-type=\"column\">\n\t\t\t<div class=\"elementor-widget-wrap elementor-element-populated\">\n\t\t\t\t\t\t<div class=\"elementor-element elementor-element-7f5d0d6 elementor-widget elementor-widget-heading\" data-id=\"7f5d0d6\" data-element_type=\"widget\" data-e-type=\"widget\" data-widget_type=\"heading.default\">\n\t\t\t\t<div class=\"elementor-widget-container\">\n\t\t\t\t\t<h2 class=\"elementor-heading-title elementor-size-default\">Vice Chairman<\/h2>\t\t\t\t<\/div>\n\t\t\t\t<\/div>\n\t\t\t\t\t<\/div>\n\t\t<\/div>\n\t\t\t\t<div class=\"elementor-column elementor-col-66 elementor-top-column elementor-element elementor-element-6decec3\" data-id=\"6decec3\" data-element_type=\"column\" data-e-type=\"column\">\n\t\t\t<div class=\"elementor-widget-wrap elementor-element-populated\">\n\t\t\t\t\t\t<div class=\"elementor-element elementor-element-a3d477e elementor-widget elementor-widget-text-editor\" data-id=\"a3d477e\" data-element_type=\"widget\" data-e-type=\"widget\" data-widget_type=\"text-editor.default\">\n\t\t\t\t<div class=\"elementor-widget-container\">\n\t\t\t\t\t\t\t\t\t<p>Dr. Peter Schweinhardt (Potsdam)<\/p>\n\t\t\t\t\t\t\t\t<\/div>\n\t\t\t\t<\/div>\n\t\t\t\t\t<\/div>\n\t\t<\/div>\n\t\t\t\t\t<\/div>\n\t\t<\/section>\n\t\t\t\t<section class=\"elementor-section elementor-top-section elementor-element elementor-element-be305cb elementor-section-boxed elementor-section-height-default elementor-section-height-default\" data-id=\"be305cb\" data-element_type=\"section\" data-e-type=\"section\">\n\t\t\t\t\t\t<div class=\"elementor-container elementor-column-gap-default\">\n\t\t\t\t\t<div class=\"elementor-column elementor-col-33 elementor-top-column elementor-element elementor-element-2da0632\" data-id=\"2da0632\" data-element_type=\"column\" data-e-type=\"column\">\n\t\t\t<div class=\"elementor-widget-wrap elementor-element-populated\">\n\t\t\t\t\t\t<div class=\"elementor-element elementor-element-165cc7a elementor-widget elementor-widget-heading\" data-id=\"165cc7a\" data-element_type=\"widget\" data-e-type=\"widget\" data-widget_type=\"heading.default\">\n\t\t\t\t<div class=\"elementor-widget-container\">\n\t\t\t\t\t<h2 class=\"elementor-heading-title elementor-size-default\">Other Board Members<\/h2>\t\t\t\t<\/div>\n\t\t\t\t<\/div>\n\t\t\t\t\t<\/div>\n\t\t<\/div>\n\t\t\t\t<div class=\"elementor-column elementor-col-66 elementor-top-column elementor-element elementor-element-66170f9\" data-id=\"66170f9\" data-element_type=\"column\" data-e-type=\"column\">\n\t\t\t<div class=\"elementor-widget-wrap elementor-element-populated\">\n\t\t\t\t\t\t<div class=\"elementor-element elementor-element-8ea2ef2 elementor-widget elementor-widget-text-editor\" data-id=\"8ea2ef2\" data-element_type=\"widget\" data-e-type=\"widget\" data-widget_type=\"text-editor.default\">\n\t\t\t\t<div class=\"elementor-widget-container\">\n\t\t\t\t\t\t\t\t\t<p>Dr. Knud Breyer (Berlin)<br \/>Dr. Tobias Fa\u00dfhauer (Berlin)<br \/>Prof. Dr. Hartmut Fladt (Berlin)<br \/>Viola Gro\u00dfbach (Frankfurt a. M.)<br \/>Dr. Hannes Heher (Wien)<br \/>Bettina Weil (Leipzig)<\/p>\t\t\t\t\t\t\t\t<\/div>\n\t\t\t\t<\/div>\n\t\t\t\t\t<\/div>\n\t\t<\/div>\n\t\t\t\t\t<\/div>\n\t\t<\/section>\n\t\t\t\t<section class=\"elementor-section elementor-top-section elementor-element elementor-element-dd9279e elementor-section-boxed elementor-section-height-default elementor-section-height-default\" data-id=\"dd9279e\" data-element_type=\"section\" data-e-type=\"section\">\n\t\t\t\t\t\t<div class=\"elementor-container elementor-column-gap-default\">\n\t\t\t\t\t<div class=\"elementor-column elementor-col-33 elementor-top-column elementor-element elementor-element-877f688\" data-id=\"877f688\" data-element_type=\"column\" data-e-type=\"column\">\n\t\t\t<div class=\"elementor-widget-wrap elementor-element-populated\">\n\t\t\t\t\t\t<div class=\"elementor-element elementor-element-37b96a4 elementor-widget elementor-widget-heading\" data-id=\"37b96a4\" data-element_type=\"widget\" data-e-type=\"widget\" data-widget_type=\"heading.default\">\n\t\t\t\t<div class=\"elementor-widget-container\">\n\t\t\t\t\t<h2 class=\"elementor-heading-title elementor-size-default\">Presidency<\/h2>\t\t\t\t<\/div>\n\t\t\t\t<\/div>\n\t\t\t\t\t<\/div>\n\t\t<\/div>\n\t\t\t\t<div class=\"elementor-column elementor-col-66 elementor-top-column elementor-element elementor-element-8a8dedb\" data-id=\"8a8dedb\" data-element_type=\"column\" data-e-type=\"column\">\n\t\t\t<div class=\"elementor-widget-wrap elementor-element-populated\">\n\t\t\t\t\t\t<div class=\"elementor-element elementor-element-6893c0f elementor-widget elementor-widget-text-editor\" data-id=\"6893c0f\" data-element_type=\"widget\" data-e-type=\"widget\" data-widget_type=\"text-editor.default\">\n\t\t\t\t<div class=\"elementor-widget-container\">\n\t\t\t\t\t\t\t\t\t<p>Daniel Barenboim (Berlin)<br \/>Prof. Dr. Albrecht Betz (Paris\/Korbach)<br \/>Prof. David Blake (York)<br \/>Volker Braun (Berlin)<br \/>Dr. Albrecht D\u00fcmling (Berlin)<br \/>Prof. Dr. Ulrich Eckhardt (Berlin)<br \/>Prof. Dr. Christian Glanz (Wien)<br \/>Kurt Groenewold (Hamburg)<br \/>Prof. Dr. Paul W. Hertin (Berlin)<br \/>Prof. Nicolaus A. Huber (Essen)<br \/>Prof. Dr. Hartmut Krones (Wien)<br \/>Prof. Dr. Luca Lombardi (Rom)<br \/>Dr. Gerhard M\u00fcller (Berlin)<br \/>Daniel Pozner (Paris)<br \/>Dr. J\u00fcrgen Schebera (Berlin)<br \/>Barbara Zeisl Schoenberg (Los Angeles)<br \/>Lieselotte Sievers (Wiesbaden)<br \/>Margarete von Trotta (M\u00fcnchen)<\/p>\t\t\t\t\t\t\t\t<\/div>\n\t\t\t\t<\/div>\n\t\t\t\t\t<\/div>\n\t\t<\/div>\n\t\t\t\t\t<\/div>\n\t\t<\/section>\n\t\t\t\t<section class=\"elementor-section elementor-top-section elementor-element elementor-element-d8d97f8 elementor-section-boxed elementor-section-height-default elementor-section-height-default\" data-id=\"d8d97f8\" data-element_type=\"section\" data-e-type=\"section\">\n\t\t\t\t\t\t<div class=\"elementor-container elementor-column-gap-default\">\n\t\t\t\t\t<div class=\"elementor-column elementor-col-33 elementor-top-column elementor-element elementor-element-1713fcf\" data-id=\"1713fcf\" data-element_type=\"column\" data-e-type=\"column\">\n\t\t\t<div class=\"elementor-widget-wrap elementor-element-populated\">\n\t\t\t\t\t\t<div class=\"elementor-element elementor-element-7496468 elementor-widget elementor-widget-heading\" data-id=\"7496468\" data-element_type=\"widget\" data-e-type=\"widget\" data-widget_type=\"heading.default\">\n\t\t\t\t<div class=\"elementor-widget-container\">\n\t\t\t\t\t<h2 class=\"elementor-heading-title elementor-size-default\">Former Board Members<\/h2>\t\t\t\t<\/div>\n\t\t\t\t<\/div>\n\t\t\t\t\t<\/div>\n\t\t<\/div>\n\t\t\t\t<div class=\"elementor-column elementor-col-66 elementor-top-column elementor-element elementor-element-dee3dcb\" data-id=\"dee3dcb\" data-element_type=\"column\" data-e-type=\"column\">\n\t\t\t<div class=\"elementor-widget-wrap elementor-element-populated\">\n\t\t\t\t\t\t<div class=\"elementor-element elementor-element-2c9cab9 elementor-widget elementor-widget-text-editor\" data-id=\"2c9cab9\" data-element_type=\"widget\" data-e-type=\"widget\" data-widget_type=\"text-editor.default\">\n\t\t\t\t<div class=\"elementor-widget-container\">\n\t\t\t\t\t\t\t\t\t<p>Mordecai Bauman (1912 New York\/Bronx &#8211; 2007 New York\/Manhatten)<br>Prof. Dr. Konrad Boehmer (1941 Berlin &#8211; 2014 Amsterdam)<br>Prof. Dr. Friedrich Cerha (1926 Wien &#8211; 2023 Wien)<br>Prof. Georg Eisler (1928 Wien &#8211; 1998 Wien)<br>Prof. Dr. h. c. mult. Dietrich Fischer-Dieskau (1925 Berlin &#8211; 2012 Berg)<br>J\u00f6rg A. Henle (1934 Aachen \u2013 2019 Berlin)<br>Prof. Wolfgang Hufschmidt (1934 M\u00fchlheim an der Ruhr &#8211; 2018 Essen)<br>Prof. Dr. Georg Knepler (1906 Wien &#8211; 2003 Berlin)<br>Prof. Rolf Liebermann (1910 Z\u00fcrich &#8211; 1999 Paris)<br>Prof. Dr. Oskar Negt (1934 auf Gut Kapkeim in Ostpreu\u00dfen &#8211; 2024 Hannover)<br>Gisela May (1924 Wetzlar &#8211; 2016 Berlin)<br>Prof. Dr. Dr. h. c. Hans Mayer (1907 K\u00f6ln &#8211; 2001 T\u00fcbingen)<br>Gottfried M\u00f6ckel (1926 Jaur bei Liegnitz &#8211; 2009 Ruppertshain-Kelkheim)<br>Friedrich Schenker (1942 Zeulenroda &#8211; 2013 Berlin)<br>Prof. Dr. Christian Martin Schmidt (1942 Dessau &#8211; 2024 Berlin)<br>Leonard Stein (1916 Los Angeles &#8211; 2004 Burbank (Los Angeles County)<br>Giorgio Strehler (1921 &#8211; 1997 Lugano)<br>John Willett (1917 London &#8211; 2002 London)<br>Prof. Dr. Udo Zimmermann (1943 Dresden &#8211; 2021 Dresden)<\/p>\t\t\t\t\t\t\t\t<\/div>\n\t\t\t\t<\/div>\n\t\t\t\t\t<\/div>\n\t\t<\/div>\n\t\t\t\t\t<\/div>\n\t\t<\/section>\n\t\t\t\t<\/div>\n\t\t","protected":false},"excerpt":{"rendered":"<p>Slide 1 &#8220;> Die GesellschaftDer Vorstand Die gew\u00e4hlten Gremien und Funktionstr\u00e4ger der Internationalen Hanns Eisler Gesellschaft (seit Juli 2023). Der Vorstand ist f\u00fcr Inhalt und Finanzierung der Projekte verantwortlich. Er arbeitet ehrenamtlich. Chairman of the Board Dr. h.c. Frieder Reininghaus (Much) Vice Chairman Dr. Peter Schweinhardt (Potsdam) Other Board Members Dr. Knud Breyer (Berlin)Dr. Tobias [&hellip;]<\/p>\n","protected":false},"author":4,"featured_media":0,"parent":8507,"menu_order":100,"comment_status":"closed","ping_status":"closed","template":"elementor_header_footer","meta":{"_acf_changed":false,"footnotes":""},"class_list":["post-8509","page","type-page","status-publish","hentry"],"acf":[],"_links":{"self":[{"href":"https:\/\/hanns-eisler.de\/en\/wp-json\/wp\/v2\/pages\/8509","targetHints":{"allow":["GET"]}}],"collection":[{"href":"https:\/\/hanns-eisler.de\/en\/wp-json\/wp\/v2\/pages"}],"about":[{"href":"https:\/\/hanns-eisler.de\/en\/wp-json\/wp\/v2\/types\/page"}],"author":[{"embeddable":true,"href":"https:\/\/hanns-eisler.de\/en\/wp-json\/wp\/v2\/users\/4"}],"replies":[{"embeddable":true,"href":"https:\/\/hanns-eisler.de\/en\/wp-json\/wp\/v2\/comments?post=8509"}],"version-history":[{"count":10,"href":"https:\/\/hanns-eisler.de\/en\/wp-json\/wp\/v2\/pages\/8509\/revisions"}],"predecessor-version":[{"id":10105,"href":"https:\/\/hanns-eisler.de\/en\/wp-json\/wp\/v2\/pages\/8509\/revisions\/10105"}],"up":[{"embeddable":true,"href":"https:\/\/hanns-eisler.de\/en\/wp-json\/wp\/v2\/pages\/8507"}],"wp:attachment":[{"href":"https:\/\/hanns-eisler.de\/en\/wp-json\/wp\/v2\/media?parent=8509"}],"curies":[{"name":"wp","href":"https:\/\/api.w.org\/{rel}","templated":true}]}}