{"id":7739,"date":"2021-01-22T08:26:42","date_gmt":"2021-01-22T07:26:42","guid":{"rendered":"https:\/\/hanns-eisler.de\/the-hanns-eisler-complete-edition\/seriengliederung\/"},"modified":"2022-06-10T09:58:39","modified_gmt":"2022-06-10T07:58:39","slug":"seriengliederung","status":"publish","type":"page","link":"https:\/\/hanns-eisler.de\/en\/the-hanns-eisler-complete-edition\/seriengliederung\/","title":{"rendered":"Series"},"content":{"rendered":"\t\t<div data-elementor-type=\"wp-page\" data-elementor-id=\"7739\" class=\"elementor elementor-7739 elementor-5430\" data-elementor-post-type=\"page\">\n\t\t\t\t\t\t<section class=\"elementor-section elementor-top-section elementor-element elementor-element-af18561 elementor-section-full_width elementor-section-height-default elementor-section-height-default\" data-id=\"af18561\" data-element_type=\"section\" data-e-type=\"section\">\n\t\t\t\t\t\t<div class=\"elementor-container elementor-column-gap-no\">\n\t\t\t\t\t<div class=\"elementor-column elementor-col-100 elementor-top-column elementor-element elementor-element-70be2bd\" data-id=\"70be2bd\" data-element_type=\"column\" data-e-type=\"column\">\n\t\t\t<div class=\"elementor-widget-wrap elementor-element-populated\">\n\t\t\t\t\t\t<div class=\"elementor-element elementor-element-ed51bb1 elementor-widget elementor-widget-ova_slideshow\" data-id=\"ed51bb1\" data-element_type=\"widget\" data-e-type=\"widget\" data-widget_type=\"ova_slideshow.default\">\n\t\t\t\t<div class=\"elementor-widget-container\">\n\t\t\t\t\t\t\t<div class=\"ova_slideshow elementor-slides-wrapper dots_style \" dir=\"ltr\">\n\t\t\t<div class=\"elementor-slides owl-carousel owl-theme owl-loaded arrows-inside arrows-show-always animated owl-animated-out owl-animated-in\" data-owl_carousel=\"{&quot;items&quot;:1,&quot;singleItem&quot;:1,&quot;autoplayTimeout&quot;:10000,&quot;autoplay&quot;:true,&quot;loop&quot;:true,&quot;nav&quot;:true,&quot;dots&quot;:false,&quot;rtl&quot;:false,&quot;dotsClass&quot;:&quot;owl-dots&quot;,&quot;mouseDrag&quot;:false,&quot;navText&quot;:[&quot;&lt;i class=\\&quot;ti-angle-left\\&quot;&gt;&lt;\\\/i&gt;&quot;,&quot;&lt;i class=\\&quot;ti-angle-right\\&quot;&gt;&lt;\\\/i&gt;&quot;]}\">\n\t\t\t\t<div class=\" elementor-repeater-item-2c3c6b7 items\" data-dot=\" <div>Slide 1<\/div> <button><span><\/span><\/button>\"><div class=\" slide-bg elementor-ken-out\" ><\/div>\n\t\t\t<div class=\"slide-inner\"><div class=\"elementor-background-overlay\"><\/div><div class=\"container\"><div class=\"row\"><div class=\"elementor-slide-content\"><div data-animation=\"fadeInUp\" data-animation_dur=\"1000\" class=\"second_font elementor-slide-subtitle\" style=\"animation-duration: 1000ms\">The Hanns Eisler Complete Edition (HEGA)<\/div><div data-animation=\"fadeInUp\" data-animation_dur=\"2000\"  class=\"second_font elementor-slide-title \" style=\"animation-duration: 2000ms\">Series<\/div><div class=\"elementor-slide-description\">Edited by the Internationale Hanns Eisler Gesellschaft e.V.<br\/>\nin cooperation with Stephanie Eisler (\u2020) and<br\/>the Archive of the Academy of Arts, Berlin<\/div><\/div><\/div><\/div><\/div><\/div>\t\t\t<\/div>\n\t\t<\/div>\n\t\t\t\t\t\t<\/div>\n\t\t\t\t<\/div>\n\t\t\t\t\t<\/div>\n\t\t<\/div>\n\t\t\t\t\t<\/div>\n\t\t<\/section>\n\t\t\t\t<section class=\"elementor-section elementor-top-section elementor-element elementor-element-820a6da elementor-section-boxed elementor-section-height-default elementor-section-height-default\" data-id=\"820a6da\" data-element_type=\"section\" data-e-type=\"section\">\n\t\t\t\t\t\t<div class=\"elementor-container elementor-column-gap-narrow\">\n\t\t\t\t\t<div class=\"elementor-column elementor-col-100 elementor-top-column elementor-element elementor-element-b0de77a\" data-id=\"b0de77a\" data-element_type=\"column\" data-e-type=\"column\">\n\t\t\t<div class=\"elementor-widget-wrap elementor-element-populated\">\n\t\t\t\t\t\t<section class=\"elementor-section elementor-inner-section elementor-element elementor-element-84a5119 elementor-section-boxed elementor-section-height-default elementor-section-height-default\" data-id=\"84a5119\" data-element_type=\"section\" data-e-type=\"section\">\n\t\t\t\t\t\t<div class=\"elementor-container elementor-column-gap-default\">\n\t\t\t\t\t<div class=\"elementor-column elementor-col-100 elementor-inner-column elementor-element elementor-element-3aceb34\" data-id=\"3aceb34\" data-element_type=\"column\" data-e-type=\"column\">\n\t\t\t<div class=\"elementor-widget-wrap elementor-element-populated\">\n\t\t\t\t\t\t<div class=\"elementor-element elementor-element-d63ab27 seriengliederung elementor-widget elementor-widget-accordion\" data-id=\"d63ab27\" data-element_type=\"widget\" data-e-type=\"widget\" data-widget_type=\"accordion.default\">\n\t\t\t\t<div class=\"elementor-widget-container\">\n\t\t\t\t\t\t\t<div class=\"elementor-accordion\">\n\t\t\t\t\t\t\t<div class=\"elementor-accordion-item\">\n\t\t\t\t\t<div id=\"elementor-tab-title-2241\" class=\"elementor-tab-title\" data-tab=\"1\" role=\"button\" aria-controls=\"elementor-tab-content-2241\" aria-expanded=\"false\">\n\t\t\t\t\t\t\t\t\t\t\t\t\t<span class=\"elementor-accordion-icon elementor-accordion-icon-left\" aria-hidden=\"true\">\n\t\t\t\t\t\t\t\t\t\t\t\t\t\t\t<span class=\"elementor-accordion-icon-closed\"><i class=\"fas fa-plus\"><\/i><\/span>\n\t\t\t\t\t\t\t\t<span class=\"elementor-accordion-icon-opened\"><i class=\"fas fa-minus\"><\/i><\/span>\n\t\t\t\t\t\t\t\t\t\t\t\t\t\t<\/span>\n\t\t\t\t\t\t\t\t\t\t\t\t<a class=\"elementor-accordion-title\" tabindex=\"0\">Serie I: Chormusik<\/a>\n\t\t\t\t\t<\/div>\n\t\t\t\t\t<div id=\"elementor-tab-content-2241\" class=\"elementor-tab-content elementor-clearfix\" data-tab=\"1\" role=\"region\" aria-labelledby=\"elementor-tab-title-2241\"><p>1 Deutsche Symphonie<\/p><p>2 Oratorische Werke I<\/p><ul><li>Von der Armut und vom Tode<\/li><li>Tempo der Zeit op. 16<\/li><li>Kalifornische Ballade op. 47<\/li><\/ul><p>3 Oratorische Werke II<\/p><ul><li>Lenin (Requiem)<\/li><li>Mitte des Jahrhunderts<\/li><li>Bilder aus der \u201aKriegsfibel\u2018<\/li><\/ul><p>4 Die Mutter, konzertante Fassungen<\/p><p>5 A-cappella-Ch\u00f6re 1925 \u2013 1932<\/p><p>6 A-cappella-Ch\u00f6re 1935 \u2013 1962<\/p><p>7 Musik f\u00fcr Chor und Klavier oder Ensemble<\/p><p>8 Musik f\u00fcr Chor und Orchester<\/p><\/div>\n\t\t\t\t<\/div>\n\t\t\t\t\t\t\t<div class=\"elementor-accordion-item\">\n\t\t\t\t\t<div id=\"elementor-tab-title-2242\" class=\"elementor-tab-title\" data-tab=\"2\" role=\"button\" aria-controls=\"elementor-tab-content-2242\" aria-expanded=\"false\">\n\t\t\t\t\t\t\t\t\t\t\t\t\t<span class=\"elementor-accordion-icon elementor-accordion-icon-left\" aria-hidden=\"true\">\n\t\t\t\t\t\t\t\t\t\t\t\t\t\t\t<span class=\"elementor-accordion-icon-closed\"><i class=\"fas fa-plus\"><\/i><\/span>\n\t\t\t\t\t\t\t\t<span class=\"elementor-accordion-icon-opened\"><i class=\"fas fa-minus\"><\/i><\/span>\n\t\t\t\t\t\t\t\t\t\t\t\t\t\t<\/span>\n\t\t\t\t\t\t\t\t\t\t\t\t<a class=\"elementor-accordion-title\" tabindex=\"0\">Serie II: Musik f\u00fcr Singstimme und Ensemble oder Orchester<\/a>\n\t\t\t\t\t<\/div>\n\t\t\t\t\t<div id=\"elementor-tab-content-2242\" class=\"elementor-tab-content elementor-clearfix\" data-tab=\"2\" role=\"region\" aria-labelledby=\"elementor-tab-title-2242\"><p>1 Musik f\u00fcr Singstimme und Ensemble 1918 \u2013 1932<\/p><p>2 Musik f\u00fcr Singstimme und Ensemble 1933 \u2013 1938<\/p><p>3 Musik f\u00fcr Singstimme und Ensemble 1949 \u2013 1961<\/p><p>4 Musik f\u00fcr Singstimme und Orchester<\/p><\/div>\n\t\t\t\t<\/div>\n\t\t\t\t\t\t\t<div class=\"elementor-accordion-item\">\n\t\t\t\t\t<div id=\"elementor-tab-title-2243\" class=\"elementor-tab-title\" data-tab=\"3\" role=\"button\" aria-controls=\"elementor-tab-content-2243\" aria-expanded=\"false\">\n\t\t\t\t\t\t\t\t\t\t\t\t\t<span class=\"elementor-accordion-icon elementor-accordion-icon-left\" aria-hidden=\"true\">\n\t\t\t\t\t\t\t\t\t\t\t\t\t\t\t<span class=\"elementor-accordion-icon-closed\"><i class=\"fas fa-plus\"><\/i><\/span>\n\t\t\t\t\t\t\t\t<span class=\"elementor-accordion-icon-opened\"><i class=\"fas fa-minus\"><\/i><\/span>\n\t\t\t\t\t\t\t\t\t\t\t\t\t\t<\/span>\n\t\t\t\t\t\t\t\t\t\t\t\t<a class=\"elementor-accordion-title\" tabindex=\"0\">Serie III: Musik f\u00fcr Singstimme und Klavier<\/a>\n\t\t\t\t\t<\/div>\n\t\t\t\t\t<div id=\"elementor-tab-content-2243\" class=\"elementor-tab-content elementor-clearfix\" data-tab=\"3\" role=\"region\" aria-labelledby=\"elementor-tab-title-2243\"><p>1 Lieder f\u00fcr Singstimme und Klavier 1917 \u2013 1921<\/p><p>2 Lieder f\u00fcr Singstimme und Klavier 1922 \u2013 1932<\/p><p>3 Lieder f\u00fcr Singstimme und Klavier 1933 \u2013 1937<\/p><p>4 Lieder f\u00fcr Singstimme und Klavier 1938 \u2013 1947<\/p><p>5 Lieder f\u00fcr Singstimme und Klavier 1949 \u2013 1956<\/p><p>6 Lieder f\u00fcr Singstimme und Klavier 1957 \u2013 1962<\/p><\/div>\n\t\t\t\t<\/div>\n\t\t\t\t\t\t\t<div class=\"elementor-accordion-item\">\n\t\t\t\t\t<div id=\"elementor-tab-title-2244\" class=\"elementor-tab-title\" data-tab=\"4\" role=\"button\" aria-controls=\"elementor-tab-content-2244\" aria-expanded=\"false\">\n\t\t\t\t\t\t\t\t\t\t\t\t\t<span class=\"elementor-accordion-icon elementor-accordion-icon-left\" aria-hidden=\"true\">\n\t\t\t\t\t\t\t\t\t\t\t\t\t\t\t<span class=\"elementor-accordion-icon-closed\"><i class=\"fas fa-plus\"><\/i><\/span>\n\t\t\t\t\t\t\t\t<span class=\"elementor-accordion-icon-opened\"><i class=\"fas fa-minus\"><\/i><\/span>\n\t\t\t\t\t\t\t\t\t\t\t\t\t\t<\/span>\n\t\t\t\t\t\t\t\t\t\t\t\t<a class=\"elementor-accordion-title\" tabindex=\"0\">Serie IV: Instrumentalmusik<\/a>\n\t\t\t\t\t<\/div>\n\t\t\t\t\t<div id=\"elementor-tab-content-2244\" class=\"elementor-tab-content elementor-clearfix\" data-tab=\"4\" role=\"region\" aria-labelledby=\"elementor-tab-title-2244\"><p>1 Orchestermusik<\/p><ul><li>Kleine Sinfonie op. 29<\/li><li>Scherzo mit Solovioline<\/li><li>F\u00fcnf Orchesterst\u00fccke<\/li><li>Thema mit Variationen (Der lange Marsch)<\/li><\/ul><p>2 Orchestersuiten I<\/p><ul><li>Suite f\u00fcr Orchester Nr. 1 op. 23<\/li><li>Suite f\u00fcr Orchester Nr. 2 op. 24 (\u201eNiemandsland\u201c)<\/li><\/ul><p>3 Orchestersuiten II<\/p><ul><li>Suite f\u00fcr Orchester Nr. 3 op. 26 (\u201eKuhle Wampe\u201c)<\/li><li>Suite f\u00fcr Orchester Nr. 4 op. 30 (\u201ePesn\u2019 o gerojach\u201c)<\/li><\/ul><p>4 Orchestersuiten III<\/p><ul><li>Suite f\u00fcr Orchester Nr. 5 op. 34 (\u201eDans les rues\u201c)<\/li><li>Suite f\u00fcr Orchester Nr. 6 op. 40 (\u201eLe grand jeu\u201c)<\/li><\/ul><p>5 Orchestersuiten IV<\/p><ul><li>Berliner Suite<\/li><li>Puntila-Suite<\/li><li>\u201eTage der Kommune\u201c-Suite<\/li><li>Sturm-Suite<\/li><li>Winterschlacht-Suite<\/li><\/ul><p>6 Kammersymphonie<\/p><p>7 Nonette<\/p><p>8 Septette<\/p><p>9 Kammermusik<\/p><ul><li>Scherzo f\u00fcr Streichtrio<\/li><li>Divertimento f\u00fcr Bl\u00e4serquintett op. 4<\/li><li>Duo f\u00fcr Violine und Violoncello op. 7 Nr. 1<\/li><li>Pr\u00e4ludium und Fuge \u00fcber B-A-C-H f\u00fcr Streichtrio op. 46<\/li><li>Sonatensatz f\u00fcr Fl\u00f6te, Oboe und Harfe op. 49<\/li><li>Sonate f\u00fcr Violine und Klavier<\/li><li>Streichquartett<\/li><li>Vierzehn Arten den Regen zu beschreiben<\/li><li>Moment Musical (f\u00fcr Klarinette)<\/li><\/ul><p>10 Klaviermusik I \u2013 Sonaten und Variationen<\/p><ul><li>Sonate f\u00fcr Klavier op. 1<\/li><li>Zweite Sonate f\u00fcr Klavier (in Form von Variationen) op. 6<\/li><li>Variationen f\u00fcr Klavier<\/li><li>Dritte Sonate f\u00fcr Klavier<\/li><\/ul><p>11 Klaviermusik II \u2013 Klavierst\u00fccke<\/p><\/div>\n\t\t\t\t<\/div>\n\t\t\t\t\t\t\t<div class=\"elementor-accordion-item\">\n\t\t\t\t\t<div id=\"elementor-tab-title-2245\" class=\"elementor-tab-title\" data-tab=\"5\" role=\"button\" aria-controls=\"elementor-tab-content-2245\" aria-expanded=\"false\">\n\t\t\t\t\t\t\t\t\t\t\t\t\t<span class=\"elementor-accordion-icon elementor-accordion-icon-left\" aria-hidden=\"true\">\n\t\t\t\t\t\t\t\t\t\t\t\t\t\t\t<span class=\"elementor-accordion-icon-closed\"><i class=\"fas fa-plus\"><\/i><\/span>\n\t\t\t\t\t\t\t\t<span class=\"elementor-accordion-icon-opened\"><i class=\"fas fa-minus\"><\/i><\/span>\n\t\t\t\t\t\t\t\t\t\t\t\t\t\t<\/span>\n\t\t\t\t\t\t\t\t\t\t\t\t<a class=\"elementor-accordion-title\" tabindex=\"0\">Serie V: B\u00fchnenmusik<\/a>\n\t\t\t\t\t<\/div>\n\t\t\t\t\t<div id=\"elementor-tab-content-2245\" class=\"elementor-tab-content elementor-clearfix\" data-tab=\"5\" role=\"region\" aria-labelledby=\"elementor-tab-title-2245\"><p>1 Die Ma\u00dfnahme<\/p><p>2 Die Mutter<\/p><p>3 Die Rundk\u00f6pfe und die Spitzk\u00f6pfe<\/p><p>4 Leben des Galilei<\/p><p>5 H\u00f6llenangst<\/p><p>6 Schweyk im zweiten Weltkrieg<\/p><p>7 \u2013 10 weitere B\u00fchnenmusik<\/p><\/div>\n\t\t\t\t<\/div>\n\t\t\t\t\t\t\t<div class=\"elementor-accordion-item\">\n\t\t\t\t\t<div id=\"elementor-tab-title-2246\" class=\"elementor-tab-title\" data-tab=\"6\" role=\"button\" aria-controls=\"elementor-tab-content-2246\" aria-expanded=\"false\">\n\t\t\t\t\t\t\t\t\t\t\t\t\t<span class=\"elementor-accordion-icon elementor-accordion-icon-left\" aria-hidden=\"true\">\n\t\t\t\t\t\t\t\t\t\t\t\t\t\t\t<span class=\"elementor-accordion-icon-closed\"><i class=\"fas fa-plus\"><\/i><\/span>\n\t\t\t\t\t\t\t\t<span class=\"elementor-accordion-icon-opened\"><i class=\"fas fa-minus\"><\/i><\/span>\n\t\t\t\t\t\t\t\t\t\t\t\t\t\t<\/span>\n\t\t\t\t\t\t\t\t\t\t\t\t<a class=\"elementor-accordion-title\" tabindex=\"0\">Serie VI: Filmmusik<\/a>\n\t\t\t\t\t<\/div>\n\t\t\t\t\t<div id=\"elementor-tab-content-2246\" class=\"elementor-tab-content elementor-clearfix\" data-tab=\"6\" role=\"region\" aria-labelledby=\"elementor-tab-title-2246\"><p>1 Opus III \/ Niemandsland \u2013 und fr\u00fche Filmmusikfragmente<\/p><p>2 Kuhle Wampe \/ Pesn\u2019 o gerojach \/ Nieuwe Gronden<\/p><p>3 Dans les rues \/ Le grand jeu<\/p><p>4 Abdul the Damned \/ Pagliacci<\/p><p>5 The 400 Million<\/p><p>6 Pete Roleum and His Cousins<\/p><p>7 The Living Land \/ White Flood<\/p><p>8 The Forgotten Village<\/p><p>9 A Child Went Forth \/ Regen \/The Circus<\/p><p>10 The Grapes of Wrath \/ Hangmen Also Die<\/p><p>11 None but the Lonely Heart<\/p><p>12 Jealousy<\/p><p>13 The Spanish Main<\/p><p>14 Deadline at Dawn<\/p><p>15 A Scandal in Paris<\/p><p>16 The Woman on the Beach<\/p><p>17 So Well Remembered<\/p><p>18 K\u0159\u00ed\u017eov\u00e1 trojka<\/p><p>19 Unser t\u00e4glich Brot \/ Rat der G\u00f6tter<\/p><p>20 Wilhelm Pieck \/ und weitere DEFA-Filme<\/p><p>21 Schicksal am Lenkrad \/ Bel Ami<\/p><p>22 Herr Puntila und sein Knecht Matti<\/p><p>23 Nuit et brouillard<\/p><p>24 Die Hexen von Salem \/ Geschwader Fledermaus \/ Das verlorene Gesicht<\/p><p>25 Tr\u00fcbe Wasser \/ Sequenzen aus Aktion J \/ Esther \/ Unb\u00e4ndiges Spanien<\/p><\/div>\n\t\t\t\t<\/div>\n\t\t\t\t\t\t\t<div class=\"elementor-accordion-item\">\n\t\t\t\t\t<div id=\"elementor-tab-title-2247\" class=\"elementor-tab-title\" data-tab=\"7\" role=\"button\" aria-controls=\"elementor-tab-content-2247\" aria-expanded=\"false\">\n\t\t\t\t\t\t\t\t\t\t\t\t\t<span class=\"elementor-accordion-icon elementor-accordion-icon-left\" aria-hidden=\"true\">\n\t\t\t\t\t\t\t\t\t\t\t\t\t\t\t<span class=\"elementor-accordion-icon-closed\"><i class=\"fas fa-plus\"><\/i><\/span>\n\t\t\t\t\t\t\t\t<span class=\"elementor-accordion-icon-opened\"><i class=\"fas fa-minus\"><\/i><\/span>\n\t\t\t\t\t\t\t\t\t\t\t\t\t\t<\/span>\n\t\t\t\t\t\t\t\t\t\t\t\t<a class=\"elementor-accordion-title\" tabindex=\"0\">Serie VII: Skizzen und Fragmente<\/a>\n\t\t\t\t\t<\/div>\n\t\t\t\t\t<div id=\"elementor-tab-content-2247\" class=\"elementor-tab-content elementor-clearfix\" data-tab=\"7\" role=\"region\" aria-labelledby=\"elementor-tab-title-2247\"><p>Bandzahl noch unbestimmt<\/p><\/div>\n\t\t\t\t<\/div>\n\t\t\t\t\t\t\t<div class=\"elementor-accordion-item\">\n\t\t\t\t\t<div id=\"elementor-tab-title-2248\" class=\"elementor-tab-title\" data-tab=\"8\" role=\"button\" aria-controls=\"elementor-tab-content-2248\" aria-expanded=\"false\">\n\t\t\t\t\t\t\t\t\t\t\t\t\t<span class=\"elementor-accordion-icon elementor-accordion-icon-left\" aria-hidden=\"true\">\n\t\t\t\t\t\t\t\t\t\t\t\t\t\t\t<span class=\"elementor-accordion-icon-closed\"><i class=\"fas fa-plus\"><\/i><\/span>\n\t\t\t\t\t\t\t\t<span class=\"elementor-accordion-icon-opened\"><i class=\"fas fa-minus\"><\/i><\/span>\n\t\t\t\t\t\t\t\t\t\t\t\t\t\t<\/span>\n\t\t\t\t\t\t\t\t\t\t\t\t<a class=\"elementor-accordion-title\" tabindex=\"0\">Serie VIII: Bearbeitungen fremder Werke<\/a>\n\t\t\t\t\t<\/div>\n\t\t\t\t\t<div id=\"elementor-tab-content-2248\" class=\"elementor-tab-content elementor-clearfix\" data-tab=\"8\" role=\"region\" aria-labelledby=\"elementor-tab-title-2248\"><p>2 B\u00e4nde \u2013 unter anderem mit den Bearbeitungen f\u00fcr den Verein f\u00fcr musikalische Privatauff\u00fchrungen<\/p><\/div>\n\t\t\t\t<\/div>\n\t\t\t\t\t\t\t<div class=\"elementor-accordion-item\">\n\t\t\t\t\t<div id=\"elementor-tab-title-2249\" class=\"elementor-tab-title\" data-tab=\"9\" role=\"button\" aria-controls=\"elementor-tab-content-2249\" aria-expanded=\"false\">\n\t\t\t\t\t\t\t\t\t\t\t\t\t<span class=\"elementor-accordion-icon elementor-accordion-icon-left\" aria-hidden=\"true\">\n\t\t\t\t\t\t\t\t\t\t\t\t\t\t\t<span class=\"elementor-accordion-icon-closed\"><i class=\"fas fa-plus\"><\/i><\/span>\n\t\t\t\t\t\t\t\t<span class=\"elementor-accordion-icon-opened\"><i class=\"fas fa-minus\"><\/i><\/span>\n\t\t\t\t\t\t\t\t\t\t\t\t\t\t<\/span>\n\t\t\t\t\t\t\t\t\t\t\t\t<a class=\"elementor-accordion-title\" tabindex=\"0\">Serie IX: Schriften<\/a>\n\t\t\t\t\t<\/div>\n\t\t\t\t\t<div id=\"elementor-tab-content-2249\" class=\"elementor-tab-content elementor-clearfix\" data-tab=\"9\" role=\"region\" aria-labelledby=\"elementor-tab-title-2249\"><p>1.1 Gesammelte Schriften, 1921 \u2013 1935<br>1.2 Gesammelte Schriften, 1935 \u2013 1948<br>1.3 Gesammelte Schriften, 1948 \u2013 1953<br>1.4 Gesammelte Schriften, 1953 \u2013 1962<br>2 Komposition f\u00fcr den Film<br>3.1 Johann Faustus 1<br>3.2 Johann Faustus 2<br>4.1 Briefe, 1907 \u2013 1943<br>4.2 Briefe, 1944 \u2013 1951<br>4.3 Briefe, 1952 \u2013 1956<br>4.4 Briefe, 1957 \u2013 1962<br>5.1 Gespr\u00e4che mit Hans Bunge<br>5.2 Gespr\u00e4che mit Nathan Notowicz und anderen<\/p><\/div>\n\t\t\t\t<\/div>\n\t\t\t\t\t\t\t\t<\/div>\n\t\t\t\t\t\t<\/div>\n\t\t\t\t<\/div>\n\t\t\t\t\t<\/div>\n\t\t<\/div>\n\t\t\t\t\t<\/div>\n\t\t<\/section>\n\t\t\t\t\t<\/div>\n\t\t<\/div>\n\t\t\t\t\t<\/div>\n\t\t<\/section>\n\t\t\t\t<\/div>\n\t\t","protected":false},"excerpt":{"rendered":"<p>Slide 1 &#8220;&gt; The Hanns Eisler Complete Edition (HEGA)SeriesEdited by the Internationale Hanns Eisler Gesellschaft e.V. in cooperation with Stephanie Eisler (\u2020) and the Archive of the Academy of Arts, Berlin Serie I: Chormusik 1 Deutsche Symphonie 2 Oratorische Werke I Von der Armut und vom Tode Tempo der Zeit op. 16 Kalifornische Ballade op. [&hellip;]<\/p>\n","protected":false},"author":4,"featured_media":0,"parent":7733,"menu_order":300,"comment_status":"closed","ping_status":"closed","template":"elementor_header_footer","meta":{"_acf_changed":false,"footnotes":""},"class_list":["post-7739","page","type-page","status-publish","hentry"],"acf":[],"_links":{"self":[{"href":"https:\/\/hanns-eisler.de\/en\/wp-json\/wp\/v2\/pages\/7739","targetHints":{"allow":["GET"]}}],"collection":[{"href":"https:\/\/hanns-eisler.de\/en\/wp-json\/wp\/v2\/pages"}],"about":[{"href":"https:\/\/hanns-eisler.de\/en\/wp-json\/wp\/v2\/types\/page"}],"author":[{"embeddable":true,"href":"https:\/\/hanns-eisler.de\/en\/wp-json\/wp\/v2\/users\/4"}],"replies":[{"embeddable":true,"href":"https:\/\/hanns-eisler.de\/en\/wp-json\/wp\/v2\/comments?post=7739"}],"version-history":[{"count":8,"href":"https:\/\/hanns-eisler.de\/en\/wp-json\/wp\/v2\/pages\/7739\/revisions"}],"predecessor-version":[{"id":8620,"href":"https:\/\/hanns-eisler.de\/en\/wp-json\/wp\/v2\/pages\/7739\/revisions\/8620"}],"up":[{"embeddable":true,"href":"https:\/\/hanns-eisler.de\/en\/wp-json\/wp\/v2\/pages\/7733"}],"wp:attachment":[{"href":"https:\/\/hanns-eisler.de\/en\/wp-json\/wp\/v2\/media?parent=7739"}],"curies":[{"name":"wp","href":"https:\/\/api.w.org\/{rel}","templated":true}]}}